{"id":1315,"date":"2025-03-11T16:01:26","date_gmt":"2025-03-11T16:01:26","guid":{"rendered":"https:\/\/circulartourismalbania.eu\/?page_id=1315"},"modified":"2025-05-28T13:25:33","modified_gmt":"2025-05-28T13:25:33","slug":"shtepi","status":"publish","type":"page","link":"https:\/\/circulartourismalbania.eu\/sq","title":{"rendered":"Sht\u00ebpi"},"content":{"rendered":"\t\t<div data-elementor-type=\"wp-page\" data-elementor-id=\"1315\" class=\"elementor elementor-1315 elementor-26\" data-elementor-post-type=\"page\">\n\t\t\t\t<div class=\"elementor-element elementor-element-cc47897 e-con-full e-flex wpr-sticky-section-no wpr-equal-height-no e-con e-parent\" data-id=\"cc47897\" data-element_type=\"container\" data-e-type=\"container\" data-settings=\"{&quot;jet_parallax_layout_list&quot;:[],&quot;background_background&quot;:&quot;slideshow&quot;,&quot;background_slideshow_gallery&quot;:[{&quot;id&quot;:58,&quot;url&quot;:&quot;https:\\\/\\\/circulartourismalbania.eu\\\/wp-content\\\/uploads\\\/2025\\\/03\\\/home-1.png&quot;},{&quot;id&quot;:60,&quot;url&quot;:&quot;https:\\\/\\\/circulartourismalbania.eu\\\/wp-content\\\/uploads\\\/2025\\\/03\\\/home-2.jpg&quot;},{&quot;id&quot;:62,&quot;url&quot;:&quot;https:\\\/\\\/circulartourismalbania.eu\\\/wp-content\\\/uploads\\\/2025\\\/03\\\/home-3.png&quot;},{&quot;id&quot;:64,&quot;url&quot;:&quot;https:\\\/\\\/circulartourismalbania.eu\\\/wp-content\\\/uploads\\\/2025\\\/03\\\/home-4.png&quot;}],&quot;background_slideshow_transition_duration&quot;:1000,&quot;background_slideshow_loop&quot;:&quot;yes&quot;,&quot;background_slideshow_slide_duration&quot;:5000,&quot;background_slideshow_slide_transition&quot;:&quot;fade&quot;}\">\n\t\t<div class=\"elementor-element elementor-element-8360c97 e-flex e-con-boxed wpr-particle-no wpr-jarallax-no wpr-parallax-no wpr-sticky-section-no wpr-equal-height-no e-con e-child\" data-id=\"8360c97\" data-element_type=\"container\" data-e-type=\"container\" data-settings=\"{&quot;jet_parallax_layout_list&quot;:[]}\">\n\t\t\t\t\t<div class=\"e-con-inner\">\n\t\t<div class=\"elementor-element elementor-element-b407cb5 e-con-full e-flex wpr-particle-no wpr-jarallax-no wpr-parallax-no wpr-sticky-section-no wpr-equal-height-no e-con e-child\" data-id=\"b407cb5\" data-element_type=\"container\" data-e-type=\"container\" data-settings=\"{&quot;jet_parallax_layout_list&quot;:[]}\">\n\t\t\t\t<div class=\"elementor-element elementor-element-076811b elementor-widget__width-initial elementor-widget elementor-widget-image\" data-id=\"076811b\" data-element_type=\"widget\" data-e-type=\"widget\" data-widget_type=\"image.default\">\n\t\t\t\t<div class=\"elementor-widget-container\">\n\t\t\t\t\t\t\t\t\t\t\t\t\t\t\t<img fetchpriority=\"high\" decoding=\"async\" width=\"993\" height=\"1024\" src=\"https:\/\/circulartourismalbania.eu\/wp-content\/uploads\/2025\/03\/Circular-Tourism-Albania-Logo-Colour-993x1024.png\" class=\"attachment-large size-large wp-image-821\" alt=\"\" srcset=\"https:\/\/circulartourismalbania.eu\/wp-content\/uploads\/2025\/03\/Circular-Tourism-Albania-Logo-Colour-993x1024.png 993w, https:\/\/circulartourismalbania.eu\/wp-content\/uploads\/2025\/03\/Circular-Tourism-Albania-Logo-Colour-291x300.png 291w, https:\/\/circulartourismalbania.eu\/wp-content\/uploads\/2025\/03\/Circular-Tourism-Albania-Logo-Colour-768x792.png 768w, https:\/\/circulartourismalbania.eu\/wp-content\/uploads\/2025\/03\/Circular-Tourism-Albania-Logo-Colour-1489x1536.png 1489w, https:\/\/circulartourismalbania.eu\/wp-content\/uploads\/2025\/03\/Circular-Tourism-Albania-Logo-Colour.png 1600w\" sizes=\"(max-width: 993px) 100vw, 993px\" \/>\t\t\t\t\t\t\t\t\t\t\t\t\t\t\t<\/div>\n\t\t\t\t<\/div>\n\t\t\t\t<\/div>\n\t\t<div class=\"elementor-element elementor-element-f47bafd e-con-full e-flex wpr-particle-no wpr-jarallax-no wpr-parallax-no wpr-sticky-section-no wpr-equal-height-no e-con e-child\" data-id=\"f47bafd\" data-element_type=\"container\" data-e-type=\"container\" data-settings=\"{&quot;jet_parallax_layout_list&quot;:[]}\">\n\t\t\t\t<div class=\"elementor-element elementor-element-8197fe2 elementor-widget-mobile__width-inherit elementor-align-center elementor-widget elementor-widget-lottie\" data-id=\"8197fe2\" data-element_type=\"widget\" data-e-type=\"widget\" data-settings=\"{&quot;source_json&quot;:{&quot;url&quot;:&quot;https:\\\/\\\/circulartourismalbania.eu\\\/wp-content\\\/uploads\\\/2025\\\/03\\\/Animation-1741780667075.json&quot;,&quot;id&quot;:99,&quot;size&quot;:&quot;&quot;,&quot;alt&quot;:&quot;&quot;,&quot;source&quot;:&quot;library&quot;},&quot;link_to&quot;:&quot;custom&quot;,&quot;custom_link&quot;:{&quot;url&quot;:&quot;#about&quot;,&quot;is_external&quot;:&quot;&quot;,&quot;nofollow&quot;:&quot;&quot;,&quot;custom_attributes&quot;:&quot;&quot;},&quot;loop&quot;:&quot;yes&quot;,&quot;source&quot;:&quot;media_file&quot;,&quot;caption_source&quot;:&quot;none&quot;,&quot;trigger&quot;:&quot;arriving_to_viewport&quot;,&quot;viewport&quot;:{&quot;unit&quot;:&quot;%&quot;,&quot;size&quot;:&quot;&quot;,&quot;sizes&quot;:{&quot;start&quot;:0,&quot;end&quot;:100}},&quot;play_speed&quot;:{&quot;unit&quot;:&quot;px&quot;,&quot;size&quot;:1,&quot;sizes&quot;:[]},&quot;start_point&quot;:{&quot;unit&quot;:&quot;%&quot;,&quot;size&quot;:0,&quot;sizes&quot;:[]},&quot;end_point&quot;:{&quot;unit&quot;:&quot;%&quot;,&quot;size&quot;:100,&quot;sizes&quot;:[]},&quot;renderer&quot;:&quot;svg&quot;}\" data-widget_type=\"lottie.default\">\n\t\t\t\t<div class=\"elementor-widget-container\">\n\t\t\t\t\t<a class=\"e-lottie__container__link\" href=\"#about\"><div class=\"e-lottie__container\"><div class=\"e-lottie__animation\"><\/div><\/div><\/a>\t\t\t\t<\/div>\n\t\t\t\t<\/div>\n\t\t\t\t<\/div>\n\t\t\t\t\t<\/div>\n\t\t\t\t<\/div>\n\t\t\t\t<\/div>\n\t\t<div class=\"elementor-element elementor-element-bffb84c e-flex e-con-boxed wpr-particle-no wpr-jarallax-no wpr-parallax-no wpr-sticky-section-no wpr-equal-height-no e-con e-parent\" data-id=\"bffb84c\" data-element_type=\"container\" data-e-type=\"container\" id=\"about\" data-settings=\"{&quot;jet_parallax_layout_list&quot;:[],&quot;background_background&quot;:&quot;classic&quot;}\">\n\t\t\t\t\t<div class=\"e-con-inner\">\n\t\t<div class=\"elementor-element elementor-element-f04c852 e-con-full e-flex wpr-particle-no wpr-jarallax-no wpr-parallax-no wpr-sticky-section-no wpr-equal-height-no e-con e-child\" data-id=\"f04c852\" data-element_type=\"container\" data-e-type=\"container\" data-settings=\"{&quot;jet_parallax_layout_list&quot;:[]}\">\n\t\t<div class=\"elementor-element elementor-element-b67b385 e-con-full e-flex wpr-particle-no wpr-jarallax-no wpr-parallax-no wpr-sticky-section-no wpr-equal-height-no e-con e-child\" data-id=\"b67b385\" data-element_type=\"container\" data-e-type=\"container\" data-settings=\"{&quot;jet_parallax_layout_list&quot;:[]}\">\n\t\t\t\t<div class=\"elementor-element elementor-element-0e986ec elementor-widget elementor-widget-heading\" data-id=\"0e986ec\" data-element_type=\"widget\" data-e-type=\"widget\" data-widget_type=\"heading.default\">\n\t\t\t\t<div class=\"elementor-widget-container\">\n\t\t\t\t\t<h2 class=\"elementor-heading-title elementor-size-default\">Projekti<\/h2>\t\t\t\t<\/div>\n\t\t\t\t<\/div>\n\t\t\t\t<div class=\"elementor-element elementor-element-fe90cf3 elementor-widget elementor-widget-text-editor\" data-id=\"fe90cf3\" data-element_type=\"widget\" data-e-type=\"widget\" data-widget_type=\"text-editor.default\">\n\t\t\t\t<div class=\"elementor-widget-container\">\n\t\t\t\t\t\t\t\t\t<p>TURIZMI RRETHOR \u00ebsht\u00eb nj\u00eb nism\u00eb ambicioze e fokusuar n\u00eb nxitjen e praktikave t\u00eb q\u00ebndrueshme turistike n\u00eb Shqip\u00ebri n\u00ebp\u00ebrmjet parimeve t\u00eb ekonomis\u00eb rrethore. Duke pajisur shkollat, arsimtar\u00ebt dhe SME-t\u00eb n\u00eb sektorin e turizmit me aft\u00ebsit\u00eb, njohurit\u00eb dhe rrjetet e nevojshme, projekti synon t\u00eb drejtoj\u00eb nj\u00eb tranzicion drejt nj\u00eb industrie turistike m\u00eb efikase nga burimet dhe miq\u00ebsore me mjedisin. Me nj\u00eb theks t\u00eb fort\u00eb n\u00eb bashk\u00ebpunimin arsim-biznes, shk\u00ebmbimin nd\u00ebrkomb\u00ebtar dhe trajnimin profesional, iniciativa rrit kapacitetin e profesionist\u00ebve t\u00eb turizmit p\u00ebr t\u00eb zbatuar zgjidhje t\u00eb drejtuara nga q\u00ebndrueshm\u00ebria.<\/p>\t\t\t\t\t\t\t\t<\/div>\n\t\t\t\t<\/div>\n\t\t\t\t<div class=\"elementor-element elementor-element-28d2b9c elementor-widget elementor-widget-jet-button\" data-id=\"28d2b9c\" data-element_type=\"widget\" data-e-type=\"widget\" data-widget_type=\"jet-button.default\">\n\t\t\t\t<div class=\"elementor-widget-container\">\n\t\t\t\t\t<div class=\"elementor-jet-button jet-elements\"><div class=\"jet-button__container\">\n\t<a class=\"jet-button__instance jet-button__instance--icon-right hover-effect-2\" href=\"https:\/\/circulartourismalbania.eu\/our-project\">\n\t\t<div class=\"jet-button__plane jet-button__plane-normal\"><\/div>\n\t\t<div class=\"jet-button__plane jet-button__plane-hover\"><\/div>\n\t\t<div class=\"jet-button__state jet-button__state-normal\">\n\t\t\t<span class=\"jet-button__icon jet-elements-icon\"><svg aria-hidden=\"true\" class=\"e-font-icon-svg e-fas-angle-right\" viewBox=\"0 0 256 512\" xmlns=\"http:\/\/www.w3.org\/2000\/svg\"><path d=\"M224.3 273l-136 136c-9.4 9.4-24.6 9.4-33.9 0l-22.6-22.6c-9.4-9.4-9.4-24.6 0-33.9l96.4-96.4-96.4-96.4c-9.4-9.4-9.4-24.6 0-33.9L54.3 103c9.4-9.4 24.6-9.4 33.9 0l136 136c9.5 9.4 9.5 24.6.1 34z\"><\/path><\/svg><\/span><span class=\"jet-button__label\">M\u00eb shum\u00eb informacion<\/span>\t\t<\/div>\n\t\t<div class=\"jet-button__state jet-button__state-hover\">\n\t\t\t<span class=\"jet-button__icon jet-elements-icon\"><svg aria-hidden=\"true\" class=\"e-font-icon-svg e-fas-angle-right\" viewBox=\"0 0 256 512\" xmlns=\"http:\/\/www.w3.org\/2000\/svg\"><path d=\"M224.3 273l-136 136c-9.4 9.4-24.6 9.4-33.9 0l-22.6-22.6c-9.4-9.4-9.4-24.6 0-33.9l96.4-96.4-96.4-96.4c-9.4-9.4-9.4-24.6 0-33.9L54.3 103c9.4-9.4 24.6-9.4 33.9 0l136 136c9.5 9.4 9.5 24.6.1 34z\"><\/path><\/svg><\/span><span class=\"jet-button__label\">M\u00eb shum\u00eb informacion<\/span>\t\t<\/div>\n\t<\/a>\n<\/div>\n<\/div>\t\t\t\t<\/div>\n\t\t\t\t<\/div>\n\t\t\t\t<\/div>\n\t\t<div class=\"elementor-element elementor-element-a439326 e-con-full e-flex wpr-particle-no wpr-jarallax-no wpr-parallax-no wpr-sticky-section-no wpr-equal-height-no e-con e-child\" data-id=\"a439326\" data-element_type=\"container\" data-e-type=\"container\" data-settings=\"{&quot;background_background&quot;:&quot;classic&quot;,&quot;jet_parallax_layout_list&quot;:[]}\">\n\t\t\t\t<\/div>\n\t\t\t\t<\/div>\n\t\t\t\t\t<\/div>\n\t\t\t\t<\/div>\n\t\t<div class=\"elementor-element elementor-element-e749adb e-flex e-con-boxed wpr-particle-no wpr-jarallax-no wpr-parallax-no wpr-sticky-section-no wpr-equal-height-no e-con e-parent\" data-id=\"e749adb\" data-element_type=\"container\" data-e-type=\"container\" data-settings=\"{&quot;jet_parallax_layout_list&quot;:[],&quot;background_background&quot;:&quot;classic&quot;}\">\n\t\t\t\t\t<div class=\"e-con-inner\">\n\t\t\t\t<div class=\"elementor-element elementor-element-d235a39 elementor-widget elementor-widget-heading\" data-id=\"d235a39\" data-element_type=\"widget\" data-e-type=\"widget\" data-widget_type=\"heading.default\">\n\t\t\t\t<div class=\"elementor-widget-container\">\n\t\t\t\t\t<h2 class=\"elementor-heading-title elementor-size-default\">Partner\u00ebt<\/h2>\t\t\t\t<\/div>\n\t\t\t\t<\/div>\n\t\t<div class=\"elementor-element elementor-element-89b1431 e-con-full e-flex wpr-particle-no wpr-jarallax-no wpr-parallax-no wpr-sticky-section-no wpr-equal-height-no e-con e-child\" data-id=\"89b1431\" data-element_type=\"container\" data-e-type=\"container\" data-settings=\"{&quot;jet_parallax_layout_list&quot;:[]}\">\n\t\t<div class=\"elementor-element elementor-element-1003a37 e-con-full e-flex wpr-particle-no wpr-jarallax-no wpr-parallax-no wpr-sticky-section-no wpr-equal-height-no e-con e-child\" data-id=\"1003a37\" data-element_type=\"container\" data-e-type=\"container\" data-settings=\"{&quot;background_background&quot;:&quot;classic&quot;,&quot;jet_parallax_layout_list&quot;:[]}\">\n\t\t\t\t<div class=\"elementor-element elementor-element-d91c5be elementor-widget elementor-widget-image\" data-id=\"d91c5be\" data-element_type=\"widget\" data-e-type=\"widget\" data-widget_type=\"image.default\">\n\t\t\t\t<div class=\"elementor-widget-container\">\n\t\t\t\t\t\t\t\t\t\t\t\t\t\t\t<img decoding=\"async\" width=\"150\" height=\"150\" src=\"https:\/\/circulartourismalbania.eu\/wp-content\/uploads\/2025\/03\/domspain-1-150x150-1.png\" class=\"attachment-2048x2048 size-2048x2048 wp-image-158\" alt=\"\" \/>\t\t\t\t\t\t\t\t\t\t\t\t\t\t\t<\/div>\n\t\t\t\t<\/div>\n\t\t\t\t<\/div>\n\t\t<div class=\"elementor-element elementor-element-59ea071 e-con-full e-flex wpr-particle-no wpr-jarallax-no wpr-parallax-no wpr-sticky-section-no wpr-equal-height-no e-con e-child\" data-id=\"59ea071\" data-element_type=\"container\" data-e-type=\"container\" data-settings=\"{&quot;background_background&quot;:&quot;classic&quot;,&quot;jet_parallax_layout_list&quot;:[]}\">\n\t\t\t\t<div class=\"elementor-element elementor-element-996dbea elementor-widget elementor-widget-image\" data-id=\"996dbea\" data-element_type=\"widget\" data-e-type=\"widget\" data-widget_type=\"image.default\">\n\t\t\t\t<div class=\"elementor-widget-container\">\n\t\t\t\t\t\t\t\t\t\t\t\t\t\t\t<img decoding=\"async\" width=\"1024\" height=\"510\" src=\"https:\/\/circulartourismalbania.eu\/wp-content\/uploads\/2025\/03\/Eurakom_logo_line_revandcop_highres_FA-1024x510.png\" class=\"attachment-large size-large wp-image-852\" alt=\"\" srcset=\"https:\/\/circulartourismalbania.eu\/wp-content\/uploads\/2025\/03\/Eurakom_logo_line_revandcop_highres_FA-1024x510.png 1024w, https:\/\/circulartourismalbania.eu\/wp-content\/uploads\/2025\/03\/Eurakom_logo_line_revandcop_highres_FA-300x150.png 300w, https:\/\/circulartourismalbania.eu\/wp-content\/uploads\/2025\/03\/Eurakom_logo_line_revandcop_highres_FA-768x383.png 768w, https:\/\/circulartourismalbania.eu\/wp-content\/uploads\/2025\/03\/Eurakom_logo_line_revandcop_highres_FA-1536x766.png 1536w, https:\/\/circulartourismalbania.eu\/wp-content\/uploads\/2025\/03\/Eurakom_logo_line_revandcop_highres_FA.png 1589w\" sizes=\"(max-width: 1024px) 100vw, 1024px\" \/>\t\t\t\t\t\t\t\t\t\t\t\t\t\t\t<\/div>\n\t\t\t\t<\/div>\n\t\t\t\t<\/div>\n\t\t<div class=\"elementor-element elementor-element-eeed2bc e-con-full e-flex wpr-particle-no wpr-jarallax-no wpr-parallax-no wpr-sticky-section-no wpr-equal-height-no e-con e-child\" data-id=\"eeed2bc\" data-element_type=\"container\" data-e-type=\"container\" data-settings=\"{&quot;background_background&quot;:&quot;classic&quot;,&quot;jet_parallax_layout_list&quot;:[]}\">\n\t\t\t\t<div class=\"elementor-element elementor-element-8b24dbe elementor-widget elementor-widget-image\" data-id=\"8b24dbe\" data-element_type=\"widget\" data-e-type=\"widget\" data-widget_type=\"image.default\">\n\t\t\t\t<div class=\"elementor-widget-container\">\n\t\t\t\t\t\t\t\t\t\t\t\t\t\t\t<img loading=\"lazy\" decoding=\"async\" width=\"272\" height=\"326\" src=\"https:\/\/circulartourismalbania.eu\/wp-content\/uploads\/2025\/03\/itkam_logo2.png\" class=\"attachment-large size-large wp-image-857\" alt=\"\" srcset=\"https:\/\/circulartourismalbania.eu\/wp-content\/uploads\/2025\/03\/itkam_logo2.png 272w, https:\/\/circulartourismalbania.eu\/wp-content\/uploads\/2025\/03\/itkam_logo2-250x300.png 250w\" sizes=\"(max-width: 272px) 100vw, 272px\" \/>\t\t\t\t\t\t\t\t\t\t\t\t\t\t\t<\/div>\n\t\t\t\t<\/div>\n\t\t\t\t<\/div>\n\t\t\t\t<\/div>\n\t\t<div class=\"elementor-element elementor-element-22fcb43 e-con-full e-flex wpr-particle-no wpr-jarallax-no wpr-parallax-no wpr-sticky-section-no wpr-equal-height-no e-con e-child\" data-id=\"22fcb43\" data-element_type=\"container\" data-e-type=\"container\" data-settings=\"{&quot;jet_parallax_layout_list&quot;:[]}\">\n\t\t<div class=\"elementor-element elementor-element-a4c4766 e-con-full e-flex wpr-particle-no wpr-jarallax-no wpr-parallax-no wpr-sticky-section-no wpr-equal-height-no e-con e-child\" data-id=\"a4c4766\" data-element_type=\"container\" data-e-type=\"container\" data-settings=\"{&quot;background_background&quot;:&quot;classic&quot;,&quot;jet_parallax_layout_list&quot;:[]}\">\n\t\t\t\t<div class=\"elementor-element elementor-element-a2e7ec4 elementor-widget elementor-widget-image\" data-id=\"a2e7ec4\" data-element_type=\"widget\" data-e-type=\"widget\" data-widget_type=\"image.default\">\n\t\t\t\t<div class=\"elementor-widget-container\">\n\t\t\t\t\t\t\t\t\t\t\t\t\t\t\t<img loading=\"lazy\" decoding=\"async\" width=\"760\" height=\"434\" src=\"https:\/\/circulartourismalbania.eu\/wp-content\/uploads\/2025\/03\/original-logo-1.1-e1743420499890-1.png\" class=\"attachment-large size-large wp-image-883\" alt=\"\" srcset=\"https:\/\/circulartourismalbania.eu\/wp-content\/uploads\/2025\/03\/original-logo-1.1-e1743420499890-1.png 760w, https:\/\/circulartourismalbania.eu\/wp-content\/uploads\/2025\/03\/original-logo-1.1-e1743420499890-1-300x171.png 300w\" sizes=\"(max-width: 760px) 100vw, 760px\" \/>\t\t\t\t\t\t\t\t\t\t\t\t\t\t\t<\/div>\n\t\t\t\t<\/div>\n\t\t\t\t<\/div>\n\t\t<div class=\"elementor-element elementor-element-0b7cba1 e-con-full e-flex wpr-particle-no wpr-jarallax-no wpr-parallax-no wpr-sticky-section-no wpr-equal-height-no e-con e-child\" data-id=\"0b7cba1\" data-element_type=\"container\" data-e-type=\"container\" data-settings=\"{&quot;background_background&quot;:&quot;classic&quot;,&quot;jet_parallax_layout_list&quot;:[]}\">\n\t\t\t\t<div class=\"elementor-element elementor-element-de0cbce elementor-widget elementor-widget-image\" data-id=\"de0cbce\" data-element_type=\"widget\" data-e-type=\"widget\" data-widget_type=\"image.default\">\n\t\t\t\t<div class=\"elementor-widget-container\">\n\t\t\t\t\t\t\t\t\t\t\t\t\t\t\t<img loading=\"lazy\" decoding=\"async\" width=\"211\" height=\"163\" src=\"https:\/\/circulartourismalbania.eu\/wp-content\/uploads\/2025\/03\/AntoniAthanas_logo.png\" class=\"attachment-full size-full wp-image-859\" alt=\"\" \/>\t\t\t\t\t\t\t\t\t\t\t\t\t\t\t<\/div>\n\t\t\t\t<\/div>\n\t\t\t\t<\/div>\n\t\t<div class=\"elementor-element elementor-element-d9e6b81 e-con-full e-flex wpr-particle-no wpr-jarallax-no wpr-parallax-no wpr-sticky-section-no wpr-equal-height-no e-con e-child\" data-id=\"d9e6b81\" data-element_type=\"container\" data-e-type=\"container\" data-settings=\"{&quot;background_background&quot;:&quot;classic&quot;,&quot;jet_parallax_layout_list&quot;:[]}\">\n\t\t\t\t<div class=\"elementor-element elementor-element-bbe4b77 elementor-widget elementor-widget-image\" data-id=\"bbe4b77\" data-element_type=\"widget\" data-e-type=\"widget\" data-widget_type=\"image.default\">\n\t\t\t\t<div class=\"elementor-widget-container\">\n\t\t\t\t\t\t\t\t\t\t\t\t\t\t\t<img loading=\"lazy\" decoding=\"async\" width=\"1024\" height=\"1024\" src=\"https:\/\/circulartourismalbania.eu\/wp-content\/uploads\/2025\/03\/shpe-logo-1024x1024.png\" class=\"attachment-large size-large wp-image-863\" alt=\"\" srcset=\"https:\/\/circulartourismalbania.eu\/wp-content\/uploads\/2025\/03\/shpe-logo-1024x1024.png 1024w, https:\/\/circulartourismalbania.eu\/wp-content\/uploads\/2025\/03\/shpe-logo-300x300.png 300w, https:\/\/circulartourismalbania.eu\/wp-content\/uploads\/2025\/03\/shpe-logo-150x150.png 150w, https:\/\/circulartourismalbania.eu\/wp-content\/uploads\/2025\/03\/shpe-logo-768x768.png 768w, https:\/\/circulartourismalbania.eu\/wp-content\/uploads\/2025\/03\/shpe-logo.png 1364w\" sizes=\"(max-width: 1024px) 100vw, 1024px\" \/>\t\t\t\t\t\t\t\t\t\t\t\t\t\t\t<\/div>\n\t\t\t\t<\/div>\n\t\t\t\t<\/div>\n\t\t\t\t<\/div>\n\t\t\t\t\t<\/div>\n\t\t\t\t<\/div>\n\t\t\t\t<\/div>\n\t\t","protected":false},"excerpt":{"rendered":"<p>Projekti TURIZMI RRETHOR \u00ebsht\u00eb nj\u00eb nism\u00eb ambicioze e fokusuar n\u00eb nxitjen e praktikave t\u00eb q\u00ebndrueshme turistike n\u00eb Shqip\u00ebri n\u00ebp\u00ebrmjet parimeve t\u00eb ekonomis\u00eb rrethore. Duke pajisur shkollat, arsimtar\u00ebt dhe SME-t\u00eb n\u00eb sektorin e turizmit me aft\u00ebsit\u00eb, njohurit\u00eb dhe rrjetet e nevojshme, projekti synon t\u00eb drejtoj\u00eb nj\u00eb tranzicion drejt nj\u00eb industrie turistike m\u00eb efikase nga burimet dhe miq\u00ebsore me mjedisin. Me nj\u00eb theks t\u00eb fort\u00eb n\u00eb bashk\u00ebpunimin arsim-biznes, shk\u00ebmbimin nd\u00ebrkomb\u00ebtar dhe trajnimin profesional, iniciativa rrit kapacitetin e profesionist\u00ebve t\u00eb turizmit p\u00ebr t\u00eb zbatuar zgjidhje t\u00eb drejtuara nga q\u00ebndrueshm\u00ebria. M\u00eb shum\u00eb informacion M\u00eb shum\u00eb informacion Partner\u00ebt<\/p>\n","protected":false},"author":1,"featured_media":0,"parent":0,"menu_order":0,"comment_status":"closed","ping_status":"closed","template":"","meta":{"_monsterinsights_skip_tracking":false,"_monsterinsights_sitenote_active":false,"_monsterinsights_sitenote_note":"","_monsterinsights_sitenote_category":0,"site-sidebar-layout":"no-sidebar","site-content-layout":"","ast-site-content-layout":"full-width-container","site-content-style":"default","site-sidebar-style":"default","ast-global-header-display":"","ast-banner-title-visibility":"","ast-main-header-display":"","ast-hfb-above-header-display":"","ast-hfb-below-header-display":"","ast-hfb-mobile-header-display":"","site-post-title":"disabled","ast-breadcrumbs-content":"","ast-featured-img":"disabled","footer-sml-layout":"","ast-disable-related-posts":"","theme-transparent-header-meta":"default","adv-header-id-meta":"","stick-header-meta":"","header-above-stick-meta":"","header-main-stick-meta":"","header-below-stick-meta":"","astra-migrate-meta-layouts":"set","ast-page-background-enabled":"default","ast-page-background-meta":{"desktop":{"background-color":"var(--ast-global-color-5)","background-image":"","background-repeat":"repeat","background-position":"center center","background-size":"auto","background-attachment":"scroll","background-type":"","background-media":"","overlay-type":"","overlay-color":"","overlay-opacity":"","overlay-gradient":""},"tablet":{"background-color":"","background-image":"","background-repeat":"repeat","background-position":"center center","background-size":"auto","background-attachment":"scroll","background-type":"","background-media":"","overlay-type":"","overlay-color":"","overlay-opacity":"","overlay-gradient":""},"mobile":{"background-color":"","background-image":"","background-repeat":"repeat","background-position":"center center","background-size":"auto","background-attachment":"scroll","background-type":"","background-media":"","overlay-type":"","overlay-color":"","overlay-opacity":"","overlay-gradient":""}},"ast-content-background-meta":{"desktop":{"background-color":"var(--ast-global-color-4)","background-image":"","background-repeat":"repeat","background-position":"center center","background-size":"auto","background-attachment":"scroll","background-type":"","background-media":"","overlay-type":"","overlay-color":"","overlay-opacity":"","overlay-gradient":""},"tablet":{"background-color":"var(--ast-global-color-4)","background-image":"","background-repeat":"repeat","background-position":"center center","background-size":"auto","background-attachment":"scroll","background-type":"","background-media":"","overlay-type":"","overlay-color":"","overlay-opacity":"","overlay-gradient":""},"mobile":{"background-color":"var(--ast-global-color-4)","background-image":"","background-repeat":"repeat","background-position":"center center","background-size":"auto","background-attachment":"scroll","background-type":"","background-media":"","overlay-type":"","overlay-color":"","overlay-opacity":"","overlay-gradient":""}},"footnotes":""},"class_list":["post-1315","page","type-page","status-publish","hentry"],"_links":{"self":[{"href":"https:\/\/circulartourismalbania.eu\/sq\/wp-json\/wp\/v2\/pages\/1315","targetHints":{"allow":["GET"]}}],"collection":[{"href":"https:\/\/circulartourismalbania.eu\/sq\/wp-json\/wp\/v2\/pages"}],"about":[{"href":"https:\/\/circulartourismalbania.eu\/sq\/wp-json\/wp\/v2\/types\/page"}],"author":[{"embeddable":true,"href":"https:\/\/circulartourismalbania.eu\/sq\/wp-json\/wp\/v2\/users\/1"}],"replies":[{"embeddable":true,"href":"https:\/\/circulartourismalbania.eu\/sq\/wp-json\/wp\/v2\/comments?post=1315"}],"version-history":[{"count":23,"href":"https:\/\/circulartourismalbania.eu\/sq\/wp-json\/wp\/v2\/pages\/1315\/revisions"}],"predecessor-version":[{"id":1876,"href":"https:\/\/circulartourismalbania.eu\/sq\/wp-json\/wp\/v2\/pages\/1315\/revisions\/1876"}],"wp:attachment":[{"href":"https:\/\/circulartourismalbania.eu\/sq\/wp-json\/wp\/v2\/media?parent=1315"}],"curies":[{"name":"wp","href":"https:\/\/api.w.org\/{rel}","templated":true}]}}