{"id":1286,"date":"2025-03-31T15:26:43","date_gmt":"2025-03-31T15:26:43","guid":{"rendered":"https:\/\/circulartourismalbania.eu\/?page_id=1286"},"modified":"2025-05-29T08:57:24","modified_gmt":"2025-05-29T08:57:24","slug":"avokatim-per-ekosistemin-e-turizmit","status":"publish","type":"page","link":"https:\/\/circulartourismalbania.eu\/sq\/rezultatet-e-projektit\/avokatim-per-ekosistemin-e-turizmit","title":{"rendered":"AVOKATIM P\u00cbR EKOSISTEMIN E TURIZMIT"},"content":{"rendered":"\t\t<div data-elementor-type=\"wp-page\" data-elementor-id=\"1286\" class=\"elementor elementor-1286 elementor-1047\" data-elementor-post-type=\"page\">\n\t\t\t\t<div class=\"elementor-element elementor-element-c109ed7 e-flex e-con-boxed wpr-particle-no wpr-jarallax-no wpr-parallax-no wpr-sticky-section-no wpr-equal-height-no e-con e-parent\" data-id=\"c109ed7\" data-element_type=\"container\" data-e-type=\"container\" data-settings=\"{&quot;background_background&quot;:&quot;classic&quot;,&quot;jet_parallax_layout_list&quot;:[]}\">\n\t\t\t\t\t<div class=\"e-con-inner\">\n\t\t\t\t<div class=\"elementor-element elementor-element-689fd68 elementor-widget elementor-widget-heading\" data-id=\"689fd68\" data-element_type=\"widget\" data-e-type=\"widget\" data-widget_type=\"heading.default\">\n\t\t\t\t<div class=\"elementor-widget-container\">\n\t\t\t\t\t<h2 class=\"elementor-heading-title elementor-size-default\">Avokatim p\u00ebr Ekosistemin e Turizmit<\/h2>\t\t\t\t<\/div>\n\t\t\t\t<\/div>\n\t\t\t\t\t<\/div>\n\t\t\t\t<\/div>\n\t\t<div class=\"elementor-element elementor-element-86bcfef e-con-full e-flex wpr-particle-no wpr-jarallax-no wpr-parallax-no wpr-sticky-section-no wpr-equal-height-no e-con e-parent\" data-id=\"86bcfef\" data-element_type=\"container\" data-e-type=\"container\" data-settings=\"{&quot;background_background&quot;:&quot;classic&quot;,&quot;jet_parallax_layout_list&quot;:[]}\">\n\t\t<div class=\"elementor-element elementor-element-6e9db9e e-con-full e-flex wpr-particle-no wpr-jarallax-no wpr-parallax-no wpr-sticky-section-no wpr-equal-height-no e-con e-child\" data-id=\"6e9db9e\" data-element_type=\"container\" data-e-type=\"container\" data-settings=\"{&quot;background_background&quot;:&quot;classic&quot;,&quot;jet_parallax_layout_list&quot;:[]}\">\n\t\t<div class=\"elementor-element elementor-element-ba89a0a e-flex e-con-boxed wpr-particle-no wpr-jarallax-no wpr-parallax-no wpr-sticky-section-no wpr-equal-height-no e-con e-child\" data-id=\"ba89a0a\" data-element_type=\"container\" data-e-type=\"container\" data-settings=\"{&quot;jet_parallax_layout_list&quot;:[]}\">\n\t\t\t\t\t<div class=\"e-con-inner\">\n\t\t<div class=\"elementor-element elementor-element-89bf90b e-con-full e-flex wpr-particle-no wpr-jarallax-no wpr-parallax-no wpr-sticky-section-no wpr-equal-height-no e-con e-child\" data-id=\"89bf90b\" data-element_type=\"container\" data-e-type=\"container\" data-settings=\"{&quot;jet_parallax_layout_list&quot;:[]}\">\n\t\t\t\t<div class=\"elementor-element elementor-element-33a6020 elementor-widget elementor-widget-text-editor\" data-id=\"33a6020\" data-element_type=\"widget\" data-e-type=\"widget\" data-widget_type=\"text-editor.default\">\n\t\t\t\t<div class=\"elementor-widget-container\">\n\t\t\t\t\t\t\t\t\t<p>P\u00ebr t\u00eb siguruar nj\u00eb ndikim t\u00eb q\u00ebndruesh\u00ebm n\u00eb sektorin e turizmit n\u00eb Shqip\u00ebri, projekti shkon p\u00ebrtej trajnimit duke angazhuar aktivisht aktor\u00ebt kryesor\u00eb n\u00eb form\u00ebsimin e nj\u00eb ekonomie t\u00eb q\u00ebndrueshme dhe rrethore turistike. N\u00ebp\u00ebrmjet avokimit t\u00eb politikave, rekomandimeve strategjike dhe ngjarjeve me ndikim t\u00eb lart\u00eb, iniciativa nxit bashk\u00ebpunimin midis bizneseve, arsimtar\u00ebve, organeve qeveritare dhe profesionist\u00ebve t\u00eb turizmit.<\/p><p>Fokusi kryesor \u00ebsht\u00eb n\u00eb rritjen e nd\u00ebrgjegj\u00ebsimit dhe ndikimin e politikave q\u00eb mb\u00ebshtesin tranzicionin e gjelb\u00ebr dhe dixhital. Projekti jep udh\u00ebzime, rekomandime dhe plane veprimi t\u00eb p\u00ebrshtatura p\u00ebr ekosistemin turistik t\u00eb Shqip\u00ebris\u00eb, duke siguruar q\u00eb parimet e q\u00ebndrueshm\u00ebris\u00eb t\u00eb p\u00ebrfshihen n\u00eb strategjit\u00eb e biznesit, kurrikulat e AFP-s\u00eb dhe politikat e qeveris\u00eb.<\/p><p>Duke bashkuar drejtuesit e industris\u00eb, edukator\u00ebt dhe politik\u00ebb\u00ebr\u00ebsit, kjo nism\u00eb avokuese krijon nj\u00eb mjedis mb\u00ebshtet\u00ebs p\u00ebr turizmin e q\u00ebndruesh\u00ebm, duke siguruar q\u00eb rritja e shpejt\u00eb e turizmit n\u00eb Shqip\u00ebri t\u00eb jet\u00eb e p\u00ebrgjegjshme ekonomikisht dhe mjedisore.<\/p>\t\t\t\t\t\t\t\t<\/div>\n\t\t\t\t<\/div>\n\t\t\t\t<\/div>\n\t\t<div class=\"elementor-element elementor-element-3249691 e-con-full e-flex wpr-particle-no wpr-jarallax-no wpr-parallax-no wpr-sticky-section-no wpr-equal-height-no e-con e-child\" data-id=\"3249691\" data-element_type=\"container\" data-e-type=\"container\" data-settings=\"{&quot;jet_parallax_layout_list&quot;:[]}\">\n\t\t\t\t<\/div>\n\t\t\t\t\t<\/div>\n\t\t\t\t<\/div>\n\t\t\t\t<\/div>\n\t\t\t\t<\/div>\n\t\t<div class=\"elementor-element elementor-element-583f19b e-flex e-con-boxed wpr-particle-no wpr-jarallax-no wpr-parallax-no wpr-sticky-section-no wpr-equal-height-no e-con e-parent\" data-id=\"583f19b\" data-element_type=\"container\" data-e-type=\"container\" data-settings=\"{&quot;background_background&quot;:&quot;classic&quot;,&quot;jet_parallax_layout_list&quot;:[]}\">\n\t\t\t\t\t<div class=\"e-con-inner\">\n\t\t\t\t<div class=\"elementor-element elementor-element-cd51f64 wpr-adv-slider-columns-1 wpr-adv-slider-columns--laptop1 wpr-adv-slider-columns--tablet1 wpr-adv-slider-columns--mobile1 wpr-adv-slides-to-scroll-1 wpr-slider-dots-horizontal elementor-widget elementor-widget-wpr-advanced-slider\" data-id=\"cd51f64\" data-element_type=\"widget\" data-e-type=\"widget\" data-settings=\"{&quot;slider_amount&quot;:1,&quot;slider_amount_laptop&quot;:1,&quot;slider_amount_tablet&quot;:1,&quot;slider_amount_mobile&quot;:1,&quot;slides_to_scroll&quot;:1,&quot;slider_loop&quot;:&quot;yes&quot;,&quot;slider_hide_video_content&quot;:&quot;yes&quot;,&quot;slider_video_btn_size&quot;:&quot;medium&quot;}\" data-widget_type=\"wpr-advanced-slider.default\">\n\t\t\t\t<div class=\"elementor-widget-container\">\n\t\t\t\t\t\n\t\t<!-- Advanced Slider -->\n\t\t<div class=\"wpr-advanced-slider-wrap\">\n\t\t\t\n\t\t\t<div class=\"wpr-advanced-slider\" dir=\"ltr\" data-slick=\"{&quot;rtl&quot;:false,&quot;infinite&quot;:true,&quot;speed&quot;:700,&quot;arrows&quot;:true,&quot;dots&quot;:true,&quot;autoplay&quot;:false,&quot;autoplaySpeed&quot;:1000,&quot;pauseOnHover&quot;:&quot;&quot;,&quot;prevArrow&quot;:&quot;#wpr-slider-prev-cd51f64&quot;,&quot;nextArrow&quot;:&quot;#wpr-slider-next-cd51f64&quot;,&quot;vertical&quot;:false,&quot;adaptiveHeight&quot;:true}\" data-hide-video-content=\"yes\" data-video-btn-size=\"{&quot;widescreen&quot;:&quot;medium&quot;,&quot;desktop&quot;:&quot;medium&quot;,&quot;laptop&quot;:&quot;medium&quot;,&quot;tablet_extra&quot;:&quot;medium&quot;,&quot;tablet&quot;:&quot;medium&quot;,&quot;mobile_extra&quot;:&quot;medium&quot;,&quot;mobile&quot;:&quot;medium&quot;}\" data-slide-effect=\"slide\">\n\t\t\t\t<div class=\"wpr-slider-item elementor-repeater-item-f60709d\"><div class=\"wpr-slider-item-bg \" style=\"background-image: url()\"><\/div><div class=\"wpr-slider-item-overlay\"><\/div><div class=\"wpr-cv-container\"><div class=\"wpr-cv-outer\"><div class=\"wpr-cv-inner\"><div class=\"wpr-slider-content\"><div class=\"wpr-slider-title\"><h3>Udh\u00ebzime p\u00ebr nxitjen e tranzicionit t\u00eb gjelb\u00ebr dhe dixhital p\u00ebr ekonomin\u00eb e turizmit qarkullues n\u00eb Shqip\u00ebri<\/h3><\/div><div class=\"wpr-slider-description\"><p><br>Projekti jep udh\u00ebzime gjith\u00ebp\u00ebrfshir\u00ebse p\u00ebr t\u00eb ndihmuar NVM-t\u00eb, arsimtar\u00ebt dhe politik\u00ebb\u00ebr\u00ebsit t\u00eb integrojn\u00eb zgjidhje t\u00eb q\u00ebndrueshme dhe dixhitale n\u00eb turiz\u00ebm. K\u00ebto burime ofrojn\u00eb strategji t\u00eb qarta p\u00ebr reduktimin e mbetjeve, efi\u00e7enc\u00ebn e energjis\u00eb, transformimin dixhital dhe bashk\u00ebpunimin e pal\u00ebve t\u00eb interesuara. T\u00eb dizajnuara p\u00ebr zbatim praktik, udh\u00ebzimet sigurojn\u00eb q\u00eb sektori i turizmit n\u00eb Shqip\u00ebri t\u00eb mund t\u00eb kaloj\u00eb me sukses n\u00eb nj\u00eb ekonomi rrethore dhe elastike.\n<br><br>P\u00ebr t\u00eb shkarkuar Udh\u00ebzimet p\u00ebr nxitjen e tranzicionit t\u00eb gjelb\u00ebr dhe dixhital p\u00ebr ekonomin\u00eb e turizmit qarkullues n\u00eb Shqip\u00ebri n\u00eb PDF...<\/p><\/div><div class=\"wpr-slider-btns\"><a class=\"wpr-slider-primary-btn\" href=\"#\">Klikoni k\u00ebtu<\/a><\/div><\/div><\/div><\/div><\/div><\/div><div class=\"wpr-slider-item elementor-repeater-item-05b7b0d\"><div class=\"wpr-slider-item-bg \" style=\"background-image: url()\"><\/div><div class=\"wpr-slider-item-overlay\"><\/div><div class=\"wpr-cv-container\"><div class=\"wpr-cv-outer\"><div class=\"wpr-cv-inner\"><div class=\"wpr-slider-content\"><div class=\"wpr-slider-title\"><h3>Rekomandime p\u00ebr bizneset, institucionet e AFP-s\u00eb dhe politik\u00ebb\u00ebr\u00ebsit<\/h3><\/div><div class=\"wpr-slider-description\"><p><br>P\u00ebr t\u00eb mb\u00ebshtetur zhvillimin e q\u00ebndruesh\u00ebm t\u00eb turizmit t\u00eb Shqip\u00ebris\u00eb, projekti ofron rekomandime t\u00eb synuara p\u00ebr bizneset, institucionet e AFP-s\u00eb dhe politik\u00ebb\u00ebr\u00ebsit. K\u00ebto rekomandime adresojn\u00eb p\u00ebrdit\u00ebsimet e kurrikul\u00ebs, mekanizmat e mb\u00ebshtetjes s\u00eb NVM-ve, p\u00ebrmir\u00ebsimet e politikave dhe strategjit\u00eb e financimit. Duke u p\u00ebrafruar me objektivat e BE-s\u00eb p\u00ebr q\u00ebndrueshm\u00ebrin\u00eb, ato sh\u00ebrbejn\u00eb si nj\u00eb udh\u00ebrr\u00ebfyes p\u00ebr transformimin afatgjat\u00eb, duke siguruar q\u00eb Shqip\u00ebria t\u00eb mbetet konkurruese duke mbrojtur asetet e saj natyrore dhe kulturore.\n<br><br>P\u00ebr t\u00eb shkarkuar Rekomandimet p\u00ebr bizneset, institucionet e AFP-s\u00eb dhe politik\u00ebb\u00ebr\u00ebsit n\u00eb PDF...<\/p><\/div><div class=\"wpr-slider-btns\"><a class=\"wpr-slider-primary-btn\" href=\"#\">Klikoni k\u00ebtu<\/a><\/div><\/div><\/div><\/div><\/div><\/div><div class=\"wpr-slider-item elementor-repeater-item-c35261d\"><div class=\"wpr-slider-item-bg \" style=\"background-image: url()\"><\/div><div class=\"wpr-slider-item-overlay\"><\/div><div class=\"wpr-cv-container\"><div class=\"wpr-cv-outer\"><div class=\"wpr-cv-inner\"><div class=\"wpr-slider-content\"><div class=\"wpr-slider-title\"><h3>Eventet p\u00ebrfundimtare t\u00eb TURIZMIT CIRKULARE<\/h3><\/div><div class=\"wpr-slider-description\"><p><br>Projekti p\u00ebrfundon me ngjarje me ndikim t\u00eb lart\u00eb t\u00eb dizajnuara p\u00ebr t\u00eb shfaqur rezultatet, p\u00ebr t\u00eb shk\u00ebmbyer njohuri dhe p\u00ebr t\u00eb nxitur angazhimin p\u00ebr turizmin e q\u00ebndruesh\u00ebm. T\u00eb organizuara n\u00eb Tiran\u00eb dhe Vlor\u00eb, k\u00ebto ngjarje mbledhin s\u00eb bashku pedagog\u00eb, SME, politik\u00ebb\u00ebr\u00ebs dhe drejtues t\u00eb turizmit p\u00ebr t\u00eb diskutuar praktikat m\u00eb t\u00eb mira dhe hapat e ardhsh\u00ebm. Me panele ekspert\u00ebsh, sesione rrjet\u00ebzimi dhe diskutime mbi strategjin\u00eb, k\u00ebto mbledhje sigurojn\u00eb q\u00eb rezultatet e projektit t\u00eb frym\u00ebzojn\u00eb ndryshime t\u00eb q\u00ebndrueshme n\u00eb t\u00eb gjith\u00eb ekosistemin turistik t\u00eb Shqip\u00ebris\u00eb.<\/p><\/div><div class=\"wpr-slider-btns\"><a class=\"wpr-slider-primary-btn\" href=\"#\">Click here<\/a><\/div><\/div><\/div><\/div><\/div><\/div>\t\t\t<\/div>\n\t\t\t<div class=\"wpr-slider-controls\">\n\t\t\t\t<div class=\"wpr-slider-dots\"><\/div>\n\t\t\t<\/div>\n\n\t\t\t<div class=\"wpr-slider-arrow-container\">\n\t\t\t\t<div class=\"wpr-slider-prev-arrow wpr-slider-arrow\" id=\"wpr-slider-prev-cd51f64\">\n\t\t\t\t\t<svg version=\"1.1\" xmlns=\"http:\/\/www.w3.org\/2000\/svg\" xmlns:xlink=\"http:\/\/www.w3.org\/1999\/xlink\" x=\"0px\" y=\"0px\" viewBox=\"0 0 283.4 512\" style=\"enable-background:new 0 0 283.4 512;\" xml:space=\"preserve\"><g><polygon class=\"st0\" points=\"54.5,256.3 283.4,485.1 256.1,512.5 0,256.3 0,256.3 27.2,229 256.1,0 283.4,27.4 \"\/><\/g><\/svg>\t\t\t\t<\/div>\n\t\t\t\t<div class=\"wpr-slider-next-arrow wpr-slider-arrow\" id=\"wpr-slider-next-cd51f64\">\n\t\t\t\t\t<svg version=\"1.1\" xmlns=\"http:\/\/www.w3.org\/2000\/svg\" xmlns:xlink=\"http:\/\/www.w3.org\/1999\/xlink\" x=\"0px\" y=\"0px\" viewBox=\"0 0 283.4 512\" style=\"enable-background:new 0 0 283.4 512;\" xml:space=\"preserve\"><g><polygon class=\"st0\" points=\"54.5,256.3 283.4,485.1 256.1,512.5 0,256.3 0,256.3 27.2,229 256.1,0 283.4,27.4 \"\/><\/g><\/svg>\t\t\t\t<\/div>\n\t\t\t<\/div>\n\t\t\t\n\t\t\t\n\t\t<\/div>\n\t\t\t\t\t\t<\/div>\n\t\t\t\t<\/div>\n\t\t\t\t\t<\/div>\n\t\t\t\t<\/div>\n\t\t<div class=\"elementor-element elementor-element-8e95eec e-flex e-con-boxed wpr-particle-no wpr-jarallax-no wpr-parallax-no wpr-sticky-section-no wpr-equal-height-no e-con e-parent\" data-id=\"8e95eec\" data-element_type=\"container\" data-e-type=\"container\" data-settings=\"{&quot;background_background&quot;:&quot;classic&quot;,&quot;jet_parallax_layout_list&quot;:[]}\">\n\t\t\t\t\t<div class=\"e-con-inner\">\n\t\t\t\t\t<\/div>\n\t\t\t\t<\/div>\n\t\t\t\t<\/div>\n\t\t","protected":false},"excerpt":{"rendered":"<p>Avokatim p\u00ebr Ekosistemin e Turizmit P\u00ebr t\u00eb siguruar nj\u00eb ndikim t\u00eb q\u00ebndruesh\u00ebm n\u00eb sektorin e turizmit n\u00eb Shqip\u00ebri, projekti shkon p\u00ebrtej trajnimit duke angazhuar aktivisht aktor\u00ebt kryesor\u00eb n\u00eb form\u00ebsimin e nj\u00eb ekonomie t\u00eb q\u00ebndrueshme dhe rrethore turistike. N\u00ebp\u00ebrmjet avokimit t\u00eb politikave, rekomandimeve strategjike dhe ngjarjeve me ndikim t\u00eb lart\u00eb, iniciativa nxit bashk\u00ebpunimin midis bizneseve, arsimtar\u00ebve, organeve qeveritare dhe profesionist\u00ebve t\u00eb turizmit. Fokusi kryesor \u00ebsht\u00eb n\u00eb rritjen e nd\u00ebrgjegj\u00ebsimit dhe ndikimin e politikave q\u00eb mb\u00ebshtesin tranzicionin e gjelb\u00ebr dhe dixhital. Projekti jep udh\u00ebzime, rekomandime dhe plane veprimi t\u00eb p\u00ebrshtatura p\u00ebr ekosistemin turistik t\u00eb Shqip\u00ebris\u00eb, duke siguruar q\u00eb parimet e q\u00ebndrueshm\u00ebris\u00eb t\u00eb p\u00ebrfshihen n\u00eb strategjit\u00eb e biznesit, kurrikulat e AFP-s\u00eb dhe politikat e qeveris\u00eb. Duke bashkuar drejtuesit e industris\u00eb, edukator\u00ebt dhe politik\u00ebb\u00ebr\u00ebsit, kjo nism\u00eb avokuese krijon nj\u00eb mjedis mb\u00ebshtet\u00ebs p\u00ebr turizmin e q\u00ebndruesh\u00ebm, duke siguruar q\u00eb rritja e shpejt\u00eb e turizmit n\u00eb Shqip\u00ebri t\u00eb jet\u00eb e p\u00ebrgjegjshme ekonomikisht dhe mjedisore. Udh\u00ebzime p\u00ebr nxitjen e tranzicionit t\u00eb gjelb\u00ebr dhe dixhital p\u00ebr ekonomin\u00eb e turizmit qarkullues n\u00eb Shqip\u00ebri Projekti jep udh\u00ebzime gjith\u00ebp\u00ebrfshir\u00ebse p\u00ebr t\u00eb ndihmuar NVM-t\u00eb, arsimtar\u00ebt dhe politik\u00ebb\u00ebr\u00ebsit t\u00eb integrojn\u00eb zgjidhje t\u00eb q\u00ebndrueshme dhe dixhitale n\u00eb turiz\u00ebm. K\u00ebto burime ofrojn\u00eb strategji t\u00eb qarta p\u00ebr reduktimin e mbetjeve, efi\u00e7enc\u00ebn e energjis\u00eb, transformimin dixhital dhe bashk\u00ebpunimin e pal\u00ebve t\u00eb interesuara. T\u00eb dizajnuara p\u00ebr zbatim praktik, udh\u00ebzimet sigurojn\u00eb q\u00eb sektori i turizmit n\u00eb Shqip\u00ebri t\u00eb mund t\u00eb kaloj\u00eb me sukses n\u00eb nj\u00eb ekonomi rrethore dhe elastike. P\u00ebr t\u00eb shkarkuar Udh\u00ebzimet p\u00ebr nxitjen e tranzicionit t\u00eb gjelb\u00ebr dhe dixhital p\u00ebr ekonomin\u00eb e turizmit qarkullues n\u00eb Shqip\u00ebri n\u00eb PDF&#8230; Klikoni k\u00ebtu Rekomandime p\u00ebr bizneset, institucionet e AFP-s\u00eb dhe politik\u00ebb\u00ebr\u00ebsit P\u00ebr t\u00eb mb\u00ebshtetur zhvillimin e q\u00ebndruesh\u00ebm t\u00eb turizmit t\u00eb Shqip\u00ebris\u00eb, projekti ofron rekomandime t\u00eb synuara p\u00ebr bizneset, institucionet e AFP-s\u00eb dhe politik\u00ebb\u00ebr\u00ebsit. K\u00ebto rekomandime adresojn\u00eb p\u00ebrdit\u00ebsimet e kurrikul\u00ebs, mekanizmat e mb\u00ebshtetjes s\u00eb NVM-ve, p\u00ebrmir\u00ebsimet e politikave dhe strategjit\u00eb e financimit. Duke u p\u00ebrafruar me objektivat e BE-s\u00eb p\u00ebr q\u00ebndrueshm\u00ebrin\u00eb, ato sh\u00ebrbejn\u00eb si nj\u00eb udh\u00ebrr\u00ebfyes p\u00ebr transformimin afatgjat\u00eb, duke siguruar q\u00eb Shqip\u00ebria t\u00eb mbetet konkurruese duke mbrojtur asetet e saj natyrore dhe kulturore. P\u00ebr t\u00eb shkarkuar Rekomandimet p\u00ebr bizneset, institucionet e AFP-s\u00eb dhe politik\u00ebb\u00ebr\u00ebsit n\u00eb PDF&#8230; Klikoni k\u00ebtu Eventet p\u00ebrfundimtare t\u00eb TURIZMIT CIRKULARE Projekti p\u00ebrfundon me ngjarje me ndikim t\u00eb lart\u00eb t\u00eb dizajnuara p\u00ebr t\u00eb shfaqur rezultatet, p\u00ebr t\u00eb shk\u00ebmbyer njohuri dhe p\u00ebr t\u00eb nxitur angazhimin p\u00ebr turizmin e q\u00ebndruesh\u00ebm. T\u00eb organizuara n\u00eb Tiran\u00eb dhe Vlor\u00eb, k\u00ebto ngjarje mbledhin s\u00eb bashku pedagog\u00eb, SME, politik\u00ebb\u00ebr\u00ebs dhe drejtues t\u00eb turizmit p\u00ebr t\u00eb diskutuar praktikat m\u00eb t\u00eb mira dhe hapat e ardhsh\u00ebm. Me panele ekspert\u00ebsh, sesione rrjet\u00ebzimi dhe diskutime mbi strategjin\u00eb, k\u00ebto mbledhje sigurojn\u00eb q\u00eb rezultatet e projektit t\u00eb frym\u00ebzojn\u00eb ndryshime t\u00eb q\u00ebndrueshme n\u00eb t\u00eb gjith\u00eb ekosistemin turistik t\u00eb Shqip\u00ebris\u00eb. Click here<\/p>\n","protected":false},"author":1,"featured_media":0,"parent":1188,"menu_order":0,"comment_status":"closed","ping_status":"closed","template":"","meta":{"_monsterinsights_skip_tracking":false,"_monsterinsights_sitenote_active":false,"_monsterinsights_sitenote_note":"","_monsterinsights_sitenote_category":0,"site-sidebar-layout":"no-sidebar","site-content-layout":"","ast-site-content-layout":"full-width-container","site-content-style":"default","site-sidebar-style":"default","ast-global-header-display":"","ast-banner-title-visibility":"","ast-main-header-display":"","ast-hfb-above-header-display":"","ast-hfb-below-header-display":"","ast-hfb-mobile-header-display":"","site-post-title":"disabled","ast-breadcrumbs-content":"","ast-featured-img":"disabled","footer-sml-layout":"","ast-disable-related-posts":"","theme-transparent-header-meta":"default","adv-header-id-meta":"","stick-header-meta":"","header-above-stick-meta":"","header-main-stick-meta":"","header-below-stick-meta":"","astra-migrate-meta-layouts":"set","ast-page-background-enabled":"default","ast-page-background-meta":{"desktop":{"background-color":"var(--ast-global-color-5)","background-image":"","background-repeat":"repeat","background-position":"center center","background-size":"auto","background-attachment":"scroll","background-type":"","background-media":"","overlay-type":"","overlay-color":"","overlay-opacity":"","overlay-gradient":""},"tablet":{"background-color":"","background-image":"","background-repeat":"repeat","background-position":"center center","background-size":"auto","background-attachment":"scroll","background-type":"","background-media":"","overlay-type":"","overlay-color":"","overlay-opacity":"","overlay-gradient":""},"mobile":{"background-color":"","background-image":"","background-repeat":"repeat","background-position":"center center","background-size":"auto","background-attachment":"scroll","background-type":"","background-media":"","overlay-type":"","overlay-color":"","overlay-opacity":"","overlay-gradient":""}},"ast-content-background-meta":{"desktop":{"background-color":"var(--ast-global-color-4)","background-image":"","background-repeat":"repeat","background-position":"center center","background-size":"auto","background-attachment":"scroll","background-type":"","background-media":"","overlay-type":"","overlay-color":"","overlay-opacity":"","overlay-gradient":""},"tablet":{"background-color":"var(--ast-global-color-4)","background-image":"","background-repeat":"repeat","background-position":"center center","background-size":"auto","background-attachment":"scroll","background-type":"","background-media":"","overlay-type":"","overlay-color":"","overlay-opacity":"","overlay-gradient":""},"mobile":{"background-color":"var(--ast-global-color-4)","background-image":"","background-repeat":"repeat","background-position":"center center","background-size":"auto","background-attachment":"scroll","background-type":"","background-media":"","overlay-type":"","overlay-color":"","overlay-opacity":"","overlay-gradient":""}},"footnotes":""},"class_list":["post-1286","page","type-page","status-publish","hentry"],"_links":{"self":[{"href":"https:\/\/circulartourismalbania.eu\/sq\/wp-json\/wp\/v2\/pages\/1286","targetHints":{"allow":["GET"]}}],"collection":[{"href":"https:\/\/circulartourismalbania.eu\/sq\/wp-json\/wp\/v2\/pages"}],"about":[{"href":"https:\/\/circulartourismalbania.eu\/sq\/wp-json\/wp\/v2\/types\/page"}],"author":[{"embeddable":true,"href":"https:\/\/circulartourismalbania.eu\/sq\/wp-json\/wp\/v2\/users\/1"}],"replies":[{"embeddable":true,"href":"https:\/\/circulartourismalbania.eu\/sq\/wp-json\/wp\/v2\/comments?post=1286"}],"version-history":[{"count":19,"href":"https:\/\/circulartourismalbania.eu\/sq\/wp-json\/wp\/v2\/pages\/1286\/revisions"}],"predecessor-version":[{"id":2006,"href":"https:\/\/circulartourismalbania.eu\/sq\/wp-json\/wp\/v2\/pages\/1286\/revisions\/2006"}],"up":[{"embeddable":true,"href":"https:\/\/circulartourismalbania.eu\/sq\/wp-json\/wp\/v2\/pages\/1188"}],"wp:attachment":[{"href":"https:\/\/circulartourismalbania.eu\/sq\/wp-json\/wp\/v2\/media?parent=1286"}],"curies":[{"name":"wp","href":"https:\/\/api.w.org\/{rel}","templated":true}]}}