{"id":1228,"date":"2025-03-31T15:26:13","date_gmt":"2025-03-31T15:26:13","guid":{"rendered":"https:\/\/circulartourismalbania.eu\/?page_id=1228"},"modified":"2025-05-29T08:58:27","modified_gmt":"2025-05-29T08:58:27","slug":"dorezimi-i-aktiviteteve-te-ndertimit-te-kapaciteteve-per-edukatoret-e-vetesoreve-trajnimi-i-trajnereve-dhe-nvm-ve","status":"publish","type":"page","link":"https:\/\/circulartourismalbania.eu\/sq\/rezultatet-e-projektit\/dorezimi-i-aktiviteteve-te-ndertimit-te-kapaciteteve-per-edukatoret-e-vetesoreve-trajnimi-i-trajnereve-dhe-nvm-ve","title":{"rendered":"DOR\u00cbZIMI I AKTIVITETEVE T\u00cb ND\u00cbRTIMIT T\u00cb KAPACITETEVE P\u00cbR EDUKATOR\u00cbT E VET\u00cbSOR\u00cbVE (TRAJNIMI I TRAJNER\u00cbVE) DHE NVM-ve"},"content":{"rendered":"\t\t<div data-elementor-type=\"wp-page\" data-elementor-id=\"1228\" class=\"elementor elementor-1228 elementor-1045\" data-elementor-post-type=\"page\">\n\t\t\t\t<div class=\"elementor-element elementor-element-6510192 e-flex e-con-boxed wpr-particle-no wpr-jarallax-no wpr-parallax-no wpr-sticky-section-no wpr-equal-height-no e-con e-parent\" data-id=\"6510192\" data-element_type=\"container\" data-e-type=\"container\" data-settings=\"{&quot;background_background&quot;:&quot;classic&quot;,&quot;jet_parallax_layout_list&quot;:[]}\">\n\t\t\t\t\t<div class=\"e-con-inner\">\n\t\t\t\t<div class=\"elementor-element elementor-element-f734e64 elementor-widget elementor-widget-heading\" data-id=\"f734e64\" data-element_type=\"widget\" data-e-type=\"widget\" data-widget_type=\"heading.default\">\n\t\t\t\t<div class=\"elementor-widget-container\">\n\t\t\t\t\t<h2 class=\"elementor-heading-title elementor-size-default\">Dor\u00ebzimi i Aktiviteteve te Nd\u00ebrtimit t\u00eb Kapaciteteve  p\u00ebr Edukator\u00ebt e Vet\u00ebsor\u00ebve (trajnimi i trajner\u00ebve) dhe Nvm-ve<\/h2>\t\t\t\t<\/div>\n\t\t\t\t<\/div>\n\t\t\t\t\t<\/div>\n\t\t\t\t<\/div>\n\t\t<div class=\"elementor-element elementor-element-dd2a1b3 e-con-full e-flex wpr-particle-no wpr-jarallax-no wpr-parallax-no wpr-sticky-section-no wpr-equal-height-no e-con e-parent\" data-id=\"dd2a1b3\" data-element_type=\"container\" data-e-type=\"container\" data-settings=\"{&quot;background_background&quot;:&quot;classic&quot;,&quot;jet_parallax_layout_list&quot;:[]}\">\n\t\t<div class=\"elementor-element elementor-element-4bc5b63 e-con-full e-flex wpr-particle-no wpr-jarallax-no wpr-parallax-no wpr-sticky-section-no wpr-equal-height-no e-con e-child\" data-id=\"4bc5b63\" data-element_type=\"container\" data-e-type=\"container\" data-settings=\"{&quot;background_background&quot;:&quot;classic&quot;,&quot;jet_parallax_layout_list&quot;:[]}\">\n\t\t<div class=\"elementor-element elementor-element-794511d e-flex e-con-boxed wpr-particle-no wpr-jarallax-no wpr-parallax-no wpr-sticky-section-no wpr-equal-height-no e-con e-child\" data-id=\"794511d\" data-element_type=\"container\" data-e-type=\"container\" data-settings=\"{&quot;jet_parallax_layout_list&quot;:[]}\">\n\t\t\t\t\t<div class=\"e-con-inner\">\n\t\t<div class=\"elementor-element elementor-element-cb2ba5f e-con-full e-flex wpr-particle-no wpr-jarallax-no wpr-parallax-no wpr-sticky-section-no wpr-equal-height-no e-con e-child\" data-id=\"cb2ba5f\" data-element_type=\"container\" data-e-type=\"container\" data-settings=\"{&quot;jet_parallax_layout_list&quot;:[]}\">\n\t\t\t\t<div class=\"elementor-element elementor-element-35f27f0 elementor-widget elementor-widget-text-editor\" data-id=\"35f27f0\" data-element_type=\"widget\" data-e-type=\"widget\" data-widget_type=\"text-editor.default\">\n\t\t\t\t<div class=\"elementor-widget-container\">\n\t\t\t\t\t\t\t\t\t<p>P\u00ebr t\u00eb p\u00ebrshpejtuar kalimin n\u00eb nj\u00eb ekonomi rrethore n\u00eb turiz\u00ebm, projekti ofron nj\u00eb program trajnimi t\u00eb avancuar t\u00eb krijuar p\u00ebr edukator\u00ebt e AFP-s\u00eb dhe SME-t\u00eb. Kjo nism\u00eb siguron q\u00eb edukator\u00ebt t\u00eb b\u00ebhen shum\u00ebfishues, duke i pajisur profesionist\u00ebt e ardhsh\u00ebm me aft\u00ebsit\u00eb e nevojshme p\u00ebr turizmin e q\u00ebndruesh\u00ebm, nd\u00ebrsa NVM-t\u00eb marrin udh\u00ebzime praktike p\u00ebr t\u00eb zbatuar strategji biznesi miq\u00ebsore me mjedisin.<\/p><p>Programi p\u00ebrmban nj\u00eb kombinim t\u00eb trajnimeve praktike, l\u00ebvizjeve nd\u00ebrkomb\u00ebtare, webinareve interaktive dhe seminareve, duke ofruar nj\u00eb p\u00ebrvoj\u00eb m\u00ebsimore dinamike dhe gjith\u00ebp\u00ebrfshir\u00ebse. Pjes\u00ebmarr\u00ebsit angazhohen me studime t\u00eb rasteve t\u00eb bot\u00ebs reale, diskutime t\u00eb udh\u00ebhequra nga ekspert\u00eb dhe mund\u00ebsi mentorimi, duke siguruar q\u00eb q\u00ebndrueshm\u00ebria t\u00eb b\u00ebhet pjes\u00eb integrale si e edukimit ashtu edhe e operacioneve t\u00eb biznesit.<\/p><p>Duke fuqizuar trajner\u00ebt dhe profesionist\u00ebt e turizmit, kjo nism\u00eb lidh hendekun midis arsimit dhe industris\u00eb, duke nxitur nj\u00eb sektor turizmi elastik, konkurrues dhe t\u00eb p\u00ebrgjegjsh\u00ebm ndaj mjedisit n\u00eb Shqip\u00ebri.<\/p>\t\t\t\t\t\t\t\t<\/div>\n\t\t\t\t<\/div>\n\t\t\t\t<\/div>\n\t\t<div class=\"elementor-element elementor-element-cd5c846 e-con-full e-flex wpr-particle-no wpr-jarallax-no wpr-parallax-no wpr-sticky-section-no wpr-equal-height-no e-con e-child\" data-id=\"cd5c846\" data-element_type=\"container\" data-e-type=\"container\" data-settings=\"{&quot;jet_parallax_layout_list&quot;:[]}\">\n\t\t\t\t<\/div>\n\t\t\t\t\t<\/div>\n\t\t\t\t<\/div>\n\t\t\t\t<\/div>\n\t\t\t\t<\/div>\n\t\t<div class=\"elementor-element elementor-element-0e82e20 e-flex e-con-boxed wpr-particle-no wpr-jarallax-no wpr-parallax-no wpr-sticky-section-no wpr-equal-height-no e-con e-parent\" data-id=\"0e82e20\" data-element_type=\"container\" data-e-type=\"container\" data-settings=\"{&quot;background_background&quot;:&quot;classic&quot;,&quot;jet_parallax_layout_list&quot;:[]}\">\n\t\t\t\t\t<div class=\"e-con-inner\">\n\t\t\t\t<div class=\"elementor-element elementor-element-64fcc78 wpr-adv-slider-columns-1 wpr-adv-slider-columns--laptop1 wpr-adv-slider-columns--tablet1 wpr-adv-slider-columns--mobile1 wpr-adv-slides-to-scroll-1 wpr-slider-dots-horizontal elementor-widget elementor-widget-wpr-advanced-slider\" data-id=\"64fcc78\" data-element_type=\"widget\" data-e-type=\"widget\" data-settings=\"{&quot;slider_amount&quot;:1,&quot;slider_amount_laptop&quot;:1,&quot;slider_amount_tablet&quot;:1,&quot;slider_amount_mobile&quot;:1,&quot;slides_to_scroll&quot;:1,&quot;slider_loop&quot;:&quot;yes&quot;,&quot;slider_hide_video_content&quot;:&quot;yes&quot;,&quot;slider_video_btn_size&quot;:&quot;medium&quot;}\" data-widget_type=\"wpr-advanced-slider.default\">\n\t\t\t\t<div class=\"elementor-widget-container\">\n\t\t\t\t\t\n\t\t<!-- Advanced Slider -->\n\t\t<div class=\"wpr-advanced-slider-wrap\">\n\t\t\t\n\t\t\t<div class=\"wpr-advanced-slider\" dir=\"ltr\" data-slick=\"{&quot;rtl&quot;:false,&quot;infinite&quot;:true,&quot;speed&quot;:700,&quot;arrows&quot;:true,&quot;dots&quot;:true,&quot;autoplay&quot;:false,&quot;autoplaySpeed&quot;:1000,&quot;pauseOnHover&quot;:&quot;&quot;,&quot;prevArrow&quot;:&quot;#wpr-slider-prev-64fcc78&quot;,&quot;nextArrow&quot;:&quot;#wpr-slider-next-64fcc78&quot;,&quot;vertical&quot;:false,&quot;adaptiveHeight&quot;:true}\" data-hide-video-content=\"yes\" data-video-btn-size=\"{&quot;widescreen&quot;:&quot;medium&quot;,&quot;desktop&quot;:&quot;medium&quot;,&quot;laptop&quot;:&quot;medium&quot;,&quot;tablet_extra&quot;:&quot;medium&quot;,&quot;tablet&quot;:&quot;medium&quot;,&quot;mobile_extra&quot;:&quot;medium&quot;,&quot;mobile&quot;:&quot;medium&quot;}\" data-slide-effect=\"slide\">\n\t\t\t\t<div class=\"wpr-slider-item elementor-repeater-item-f60709d\"><div class=\"wpr-slider-item-bg \" style=\"background-image: url()\"><\/div><div class=\"wpr-slider-item-overlay\"><\/div><div class=\"wpr-cv-container\"><div class=\"wpr-cv-outer\"><div class=\"wpr-cv-inner\"><div class=\"wpr-slider-content\"><div class=\"wpr-slider-title\"><h3>Mobilitet<\/h3><\/div><div class=\"wpr-slider-description\"><p><br>Pjes\u00ebmarr\u00ebsit udh\u00ebtojn\u00eb n\u00eb Gjermani, Franc\u00eb dhe Spanj\u00eb p\u00ebr t'u angazhuar me pionier\u00eb n\u00eb turizmin e q\u00ebndruesh\u00ebm. N\u00ebp\u00ebrmjet vizitave studimore, shk\u00ebmbimeve t\u00eb biznesit dhe sesioneve t\u00eb udh\u00ebhequra nga ekspert\u00ebt, edukator\u00ebt dhe SME-t\u00eb fitojn\u00eb p\u00ebrvoj\u00eb t\u00eb drejtp\u00ebrdrejt\u00eb n\u00eb praktikat e ekonomis\u00eb rrethore. K\u00ebto l\u00ebvizje rritin bashk\u00ebpunimin nd\u00ebrkufitar, duke i lejuar pjes\u00ebmarr\u00ebsit t\u00eb m\u00ebsojn\u00eb nga praktikat m\u00eb t\u00eb mira t\u00eb bot\u00ebs reale dhe t'i zbatojn\u00eb ato n\u00eb Shqip\u00ebri, duke forcuar q\u00ebndrueshm\u00ebrin\u00eb n\u00eb edukimin turistik dhe operacionet e biznesit.\n<br><br>P\u00ebr t\u00eb shkarkuar raportin e l\u00ebvizshm\u00ebris\u00eb...<\/p><\/div><div class=\"wpr-slider-btns\"><a class=\"wpr-slider-primary-btn\" href=\"#\">Klikoni k\u00ebtu<\/a><\/div><\/div><\/div><\/div><\/div><\/div><div class=\"wpr-slider-item elementor-repeater-item-2500d4e\"><div class=\"wpr-slider-item-bg \" style=\"background-image: url()\"><\/div><div class=\"wpr-slider-item-overlay\"><\/div><div class=\"wpr-cv-container\"><div class=\"wpr-cv-outer\"><div class=\"wpr-cv-inner\"><div class=\"wpr-slider-content\"><div class=\"wpr-slider-title\"><h3>Seri webinaresh<\/h3><\/div><div class=\"wpr-slider-description\"><p><br>Seria e webinareve lidh ekspert\u00eb nd\u00ebrkomb\u00ebtar\u00eb, edukator\u00eb dhe SME-t\u00eb, duke ofruar njohuri t\u00eb thella mbi strategjit\u00eb e turizmit t\u00eb q\u00ebndruesh\u00ebm. Duke mbuluar tema kryesore si angazhimi i pal\u00ebve t\u00eb interesuara, modelet e q\u00ebndrueshme t\u00eb biznesit dhe mjetet dixhitale p\u00ebr turizmin e gjelb\u00ebr, k\u00ebto sesione n\u00eb internet ofrojn\u00eb mund\u00ebsi t\u00eb arritshme dhe interaktive t\u00eb t\u00eb m\u00ebsuarit. T\u00eb krijuara p\u00ebr t\u00eb ndezur bashk\u00ebpunimin dhe p\u00ebr t\u00eb frym\u00ebzuar inovacionin, webinar\u00ebt ndihmojn\u00eb pjes\u00ebmarr\u00ebsit t\u00eb integrojn\u00eb parimet e ekonomis\u00eb rrethore n\u00eb pun\u00ebn e tyre.\n<br><br>P\u00ebr t\u00eb par\u00eb regjistrimin e webinareve...<\/p><\/div><div class=\"wpr-slider-btns\"><a class=\"wpr-slider-primary-btn\" href=\"#\">Klikoni k\u00ebtu<\/a><\/div><\/div><\/div><\/div><\/div><\/div><div class=\"wpr-slider-item elementor-repeater-item-f4a2b4a\"><div class=\"wpr-slider-item-bg \" style=\"background-image: url()\"><\/div><div class=\"wpr-slider-item-overlay\"><\/div><div class=\"wpr-cv-container\"><div class=\"wpr-cv-outer\"><div class=\"wpr-cv-inner\"><div class=\"wpr-slider-content\"><div class=\"wpr-slider-title\"><h3>Workshops<\/h3><\/div><div class=\"wpr-slider-description\"><p><br>Workshopet ofrojn\u00eb trajnim praktik dhe praktik ku edukator\u00ebt dhe SME-t\u00eb m\u00ebsojn\u00eb t\u00eb zbatojn\u00eb parimet e ekonomis\u00eb rrethore n\u00eb skenar\u00ebt e bot\u00ebs reale. N\u00ebp\u00ebrmjet ushtrimeve interaktive, aktiviteteve p\u00ebr zgjidhjen e problemeve dhe diskutimeve me bashk\u00ebmoshatar\u00ebt, pjes\u00ebmarr\u00ebsit zhvillojn\u00eb strategji t\u00eb q\u00ebndrueshme p\u00ebr institucionet dhe bizneset e tyre. K\u00ebto sesione forcojn\u00eb bashk\u00ebpunimin midis arsimit dhe industris\u00eb, duke siguruar q\u00eb praktikat e q\u00ebndrueshme t\u00eb turizmit t\u00eb jen\u00eb nj\u00ebkoh\u00ebsisht t\u00eb m\u00ebsueshme dhe t\u00eb zbatueshme.<\/p><\/div><div class=\"wpr-slider-btns\"><a class=\"wpr-slider-primary-btn\" href=\"#\">Skkarkuar raportin<\/a><a class=\"wpr-slider-secondary-btn\" href=\"#\">Shkarkuar paket\u00ebn e materialeve t\u00eb trajnimit<\/a><\/div><\/div><\/div><\/div><\/div><\/div><div class=\"wpr-slider-item elementor-repeater-item-a0e712f\"><div class=\"wpr-slider-item-bg \" style=\"background-image: url()\"><\/div><div class=\"wpr-slider-item-overlay\"><\/div><div class=\"wpr-cv-container\"><div class=\"wpr-cv-outer\"><div class=\"wpr-cv-inner\"><div class=\"wpr-slider-content\"><div class=\"wpr-slider-title\"><h3>Skema e mentorimit<\/h3><\/div><div class=\"wpr-slider-description\"><p><br>Programi i mentorimit bashkon SME-t\u00eb me ekspert\u00eb t\u00eb q\u00ebndrueshm\u00ebris\u00eb dhe pronar\u00eb biznesi me p\u00ebrvoj\u00eb, duke ofruar udh\u00ebzime t\u00eb personalizuara p\u00ebr miratimin e strategjive t\u00eb ekonomis\u00eb rrethore. Kjo qasje praktike u lejon NVM-ve t\u00eb zbatojn\u00eb ndryshime reale, nga reduktimi i mbetjeve dhe p\u00ebrmir\u00ebsimi i efikasitetit t\u00eb burimeve deri te zhvillimi i modeleve t\u00eb biznesit t\u00eb gjelb\u00ebr. Duke nxitur mentorimin nj\u00eb-n\u00eb-nj\u00eb, programi p\u00ebrshpejton kalimin drejt operacioneve t\u00eb turizmit t\u00eb q\u00ebndruesh\u00ebm n\u00eb Shqip\u00ebri.\n<br><br>P\u00ebr t\u00eb shkarkuar raportin e Skem\u00ebs s\u00eb Mentorimit...<\/p><\/div><div class=\"wpr-slider-btns\"><a class=\"wpr-slider-primary-btn\" href=\"#\">Klikoni k\u00ebtu<\/a><\/div><\/div><\/div><\/div><\/div><\/div>\t\t\t<\/div>\n\t\t\t<div class=\"wpr-slider-controls\">\n\t\t\t\t<div class=\"wpr-slider-dots\"><\/div>\n\t\t\t<\/div>\n\n\t\t\t<div class=\"wpr-slider-arrow-container\">\n\t\t\t\t<div class=\"wpr-slider-prev-arrow wpr-slider-arrow\" id=\"wpr-slider-prev-64fcc78\">\n\t\t\t\t\t<svg version=\"1.1\" xmlns=\"http:\/\/www.w3.org\/2000\/svg\" xmlns:xlink=\"http:\/\/www.w3.org\/1999\/xlink\" x=\"0px\" y=\"0px\" viewBox=\"0 0 283.4 512\" style=\"enable-background:new 0 0 283.4 512;\" xml:space=\"preserve\"><g><polygon class=\"st0\" points=\"54.5,256.3 283.4,485.1 256.1,512.5 0,256.3 0,256.3 27.2,229 256.1,0 283.4,27.4 \"\/><\/g><\/svg>\t\t\t\t<\/div>\n\t\t\t\t<div class=\"wpr-slider-next-arrow wpr-slider-arrow\" id=\"wpr-slider-next-64fcc78\">\n\t\t\t\t\t<svg version=\"1.1\" xmlns=\"http:\/\/www.w3.org\/2000\/svg\" xmlns:xlink=\"http:\/\/www.w3.org\/1999\/xlink\" x=\"0px\" y=\"0px\" viewBox=\"0 0 283.4 512\" style=\"enable-background:new 0 0 283.4 512;\" xml:space=\"preserve\"><g><polygon class=\"st0\" points=\"54.5,256.3 283.4,485.1 256.1,512.5 0,256.3 0,256.3 27.2,229 256.1,0 283.4,27.4 \"\/><\/g><\/svg>\t\t\t\t<\/div>\n\t\t\t<\/div>\n\t\t\t\n\t\t\t\n\t\t<\/div>\n\t\t\t\t\t\t<\/div>\n\t\t\t\t<\/div>\n\t\t\t\t\t<\/div>\n\t\t\t\t<\/div>\n\t\t<div class=\"elementor-element elementor-element-0607c77 e-flex e-con-boxed wpr-particle-no wpr-jarallax-no wpr-parallax-no wpr-sticky-section-no wpr-equal-height-no e-con e-parent\" data-id=\"0607c77\" data-element_type=\"container\" data-e-type=\"container\" data-settings=\"{&quot;background_background&quot;:&quot;classic&quot;,&quot;jet_parallax_layout_list&quot;:[]}\">\n\t\t\t\t\t<div class=\"e-con-inner\">\n\t\t\t\t\t<\/div>\n\t\t\t\t<\/div>\n\t\t\t\t<\/div>\n\t\t","protected":false},"excerpt":{"rendered":"<p>Dor\u00ebzimi i Aktiviteteve te Nd\u00ebrtimit t\u00eb Kapaciteteve p\u00ebr Edukator\u00ebt e Vet\u00ebsor\u00ebve (trajnimi i trajner\u00ebve) dhe Nvm-ve P\u00ebr t\u00eb p\u00ebrshpejtuar kalimin n\u00eb nj\u00eb ekonomi rrethore n\u00eb turiz\u00ebm, projekti ofron nj\u00eb program trajnimi t\u00eb avancuar t\u00eb krijuar p\u00ebr edukator\u00ebt e AFP-s\u00eb dhe SME-t\u00eb. Kjo nism\u00eb siguron q\u00eb edukator\u00ebt t\u00eb b\u00ebhen shum\u00ebfishues, duke i pajisur profesionist\u00ebt e ardhsh\u00ebm me aft\u00ebsit\u00eb e nevojshme p\u00ebr turizmin e q\u00ebndruesh\u00ebm, nd\u00ebrsa NVM-t\u00eb marrin udh\u00ebzime praktike p\u00ebr t\u00eb zbatuar strategji biznesi miq\u00ebsore me mjedisin. Programi p\u00ebrmban nj\u00eb kombinim t\u00eb trajnimeve praktike, l\u00ebvizjeve nd\u00ebrkomb\u00ebtare, webinareve interaktive dhe seminareve, duke ofruar nj\u00eb p\u00ebrvoj\u00eb m\u00ebsimore dinamike dhe gjith\u00ebp\u00ebrfshir\u00ebse. Pjes\u00ebmarr\u00ebsit angazhohen me studime t\u00eb rasteve t\u00eb bot\u00ebs reale, diskutime t\u00eb udh\u00ebhequra nga ekspert\u00eb dhe mund\u00ebsi mentorimi, duke siguruar q\u00eb q\u00ebndrueshm\u00ebria t\u00eb b\u00ebhet pjes\u00eb integrale si e edukimit ashtu edhe e operacioneve t\u00eb biznesit. Duke fuqizuar trajner\u00ebt dhe profesionist\u00ebt e turizmit, kjo nism\u00eb lidh hendekun midis arsimit dhe industris\u00eb, duke nxitur nj\u00eb sektor turizmi elastik, konkurrues dhe t\u00eb p\u00ebrgjegjsh\u00ebm ndaj mjedisit n\u00eb Shqip\u00ebri. Mobilitet Pjes\u00ebmarr\u00ebsit udh\u00ebtojn\u00eb n\u00eb Gjermani, Franc\u00eb dhe Spanj\u00eb p\u00ebr t&#8217;u angazhuar me pionier\u00eb n\u00eb turizmin e q\u00ebndruesh\u00ebm. N\u00ebp\u00ebrmjet vizitave studimore, shk\u00ebmbimeve t\u00eb biznesit dhe sesioneve t\u00eb udh\u00ebhequra nga ekspert\u00ebt, edukator\u00ebt dhe SME-t\u00eb fitojn\u00eb p\u00ebrvoj\u00eb t\u00eb drejtp\u00ebrdrejt\u00eb n\u00eb praktikat e ekonomis\u00eb rrethore. K\u00ebto l\u00ebvizje rritin bashk\u00ebpunimin nd\u00ebrkufitar, duke i lejuar pjes\u00ebmarr\u00ebsit t\u00eb m\u00ebsojn\u00eb nga praktikat m\u00eb t\u00eb mira t\u00eb bot\u00ebs reale dhe t&#8217;i zbatojn\u00eb ato n\u00eb Shqip\u00ebri, duke forcuar q\u00ebndrueshm\u00ebrin\u00eb n\u00eb edukimin turistik dhe operacionet e biznesit. P\u00ebr t\u00eb shkarkuar raportin e l\u00ebvizshm\u00ebris\u00eb&#8230; Klikoni k\u00ebtu Seri webinaresh Seria e webinareve lidh ekspert\u00eb nd\u00ebrkomb\u00ebtar\u00eb, edukator\u00eb dhe SME-t\u00eb, duke ofruar njohuri t\u00eb thella mbi strategjit\u00eb e turizmit t\u00eb q\u00ebndruesh\u00ebm. Duke mbuluar tema kryesore si angazhimi i pal\u00ebve t\u00eb interesuara, modelet e q\u00ebndrueshme t\u00eb biznesit dhe mjetet dixhitale p\u00ebr turizmin e gjelb\u00ebr, k\u00ebto sesione n\u00eb internet ofrojn\u00eb mund\u00ebsi t\u00eb arritshme dhe interaktive t\u00eb t\u00eb m\u00ebsuarit. T\u00eb krijuara p\u00ebr t\u00eb ndezur bashk\u00ebpunimin dhe p\u00ebr t\u00eb frym\u00ebzuar inovacionin, webinar\u00ebt ndihmojn\u00eb pjes\u00ebmarr\u00ebsit t\u00eb integrojn\u00eb parimet e ekonomis\u00eb rrethore n\u00eb pun\u00ebn e tyre. P\u00ebr t\u00eb par\u00eb regjistrimin e webinareve&#8230; Klikoni k\u00ebtu Workshops Workshopet ofrojn\u00eb trajnim praktik dhe praktik ku edukator\u00ebt dhe SME-t\u00eb m\u00ebsojn\u00eb t\u00eb zbatojn\u00eb parimet e ekonomis\u00eb rrethore n\u00eb skenar\u00ebt e bot\u00ebs reale. N\u00ebp\u00ebrmjet ushtrimeve interaktive, aktiviteteve p\u00ebr zgjidhjen e problemeve dhe diskutimeve me bashk\u00ebmoshatar\u00ebt, pjes\u00ebmarr\u00ebsit zhvillojn\u00eb strategji t\u00eb q\u00ebndrueshme p\u00ebr institucionet dhe bizneset e tyre. K\u00ebto sesione forcojn\u00eb bashk\u00ebpunimin midis arsimit dhe industris\u00eb, duke siguruar q\u00eb praktikat e q\u00ebndrueshme t\u00eb turizmit t\u00eb jen\u00eb nj\u00ebkoh\u00ebsisht t\u00eb m\u00ebsueshme dhe t\u00eb zbatueshme. Skkarkuar raportinShkarkuar paket\u00ebn e materialeve t\u00eb trajnimit Skema e mentorimit Programi i mentorimit bashkon SME-t\u00eb me ekspert\u00eb t\u00eb q\u00ebndrueshm\u00ebris\u00eb dhe pronar\u00eb biznesi me p\u00ebrvoj\u00eb, duke ofruar udh\u00ebzime t\u00eb personalizuara p\u00ebr miratimin e strategjive t\u00eb ekonomis\u00eb rrethore. Kjo qasje praktike u lejon NVM-ve t\u00eb zbatojn\u00eb ndryshime reale, nga reduktimi i mbetjeve dhe p\u00ebrmir\u00ebsimi i efikasitetit t\u00eb burimeve deri te zhvillimi i modeleve t\u00eb biznesit t\u00eb gjelb\u00ebr. Duke nxitur mentorimin nj\u00eb-n\u00eb-nj\u00eb, programi p\u00ebrshpejton kalimin drejt operacioneve t\u00eb turizmit t\u00eb q\u00ebndruesh\u00ebm n\u00eb Shqip\u00ebri. P\u00ebr t\u00eb shkarkuar raportin e Skem\u00ebs s\u00eb Mentorimit&#8230; Klikoni k\u00ebtu<\/p>\n","protected":false},"author":1,"featured_media":0,"parent":1188,"menu_order":0,"comment_status":"closed","ping_status":"closed","template":"","meta":{"_monsterinsights_skip_tracking":false,"_monsterinsights_sitenote_active":false,"_monsterinsights_sitenote_note":"","_monsterinsights_sitenote_category":0,"site-sidebar-layout":"no-sidebar","site-content-layout":"","ast-site-content-layout":"full-width-container","site-content-style":"default","site-sidebar-style":"default","ast-global-header-display":"","ast-banner-title-visibility":"","ast-main-header-display":"","ast-hfb-above-header-display":"","ast-hfb-below-header-display":"","ast-hfb-mobile-header-display":"","site-post-title":"disabled","ast-breadcrumbs-content":"","ast-featured-img":"disabled","footer-sml-layout":"","ast-disable-related-posts":"","theme-transparent-header-meta":"default","adv-header-id-meta":"","stick-header-meta":"","header-above-stick-meta":"","header-main-stick-meta":"","header-below-stick-meta":"","astra-migrate-meta-layouts":"set","ast-page-background-enabled":"default","ast-page-background-meta":{"desktop":{"background-color":"var(--ast-global-color-5)","background-image":"","background-repeat":"repeat","background-position":"center center","background-size":"auto","background-attachment":"scroll","background-type":"","background-media":"","overlay-type":"","overlay-color":"","overlay-opacity":"","overlay-gradient":""},"tablet":{"background-color":"","background-image":"","background-repeat":"repeat","background-position":"center center","background-size":"auto","background-attachment":"scroll","background-type":"","background-media":"","overlay-type":"","overlay-color":"","overlay-opacity":"","overlay-gradient":""},"mobile":{"background-color":"","background-image":"","background-repeat":"repeat","background-position":"center center","background-size":"auto","background-attachment":"scroll","background-type":"","background-media":"","overlay-type":"","overlay-color":"","overlay-opacity":"","overlay-gradient":""}},"ast-content-background-meta":{"desktop":{"background-color":"var(--ast-global-color-4)","background-image":"","background-repeat":"repeat","background-position":"center center","background-size":"auto","background-attachment":"scroll","background-type":"","background-media":"","overlay-type":"","overlay-color":"","overlay-opacity":"","overlay-gradient":""},"tablet":{"background-color":"var(--ast-global-color-4)","background-image":"","background-repeat":"repeat","background-position":"center center","background-size":"auto","background-attachment":"scroll","background-type":"","background-media":"","overlay-type":"","overlay-color":"","overlay-opacity":"","overlay-gradient":""},"mobile":{"background-color":"var(--ast-global-color-4)","background-image":"","background-repeat":"repeat","background-position":"center center","background-size":"auto","background-attachment":"scroll","background-type":"","background-media":"","overlay-type":"","overlay-color":"","overlay-opacity":"","overlay-gradient":""}},"footnotes":""},"class_list":["post-1228","page","type-page","status-publish","hentry"],"_links":{"self":[{"href":"https:\/\/circulartourismalbania.eu\/sq\/wp-json\/wp\/v2\/pages\/1228","targetHints":{"allow":["GET"]}}],"collection":[{"href":"https:\/\/circulartourismalbania.eu\/sq\/wp-json\/wp\/v2\/pages"}],"about":[{"href":"https:\/\/circulartourismalbania.eu\/sq\/wp-json\/wp\/v2\/types\/page"}],"author":[{"embeddable":true,"href":"https:\/\/circulartourismalbania.eu\/sq\/wp-json\/wp\/v2\/users\/1"}],"replies":[{"embeddable":true,"href":"https:\/\/circulartourismalbania.eu\/sq\/wp-json\/wp\/v2\/comments?post=1228"}],"version-history":[{"count":28,"href":"https:\/\/circulartourismalbania.eu\/sq\/wp-json\/wp\/v2\/pages\/1228\/revisions"}],"predecessor-version":[{"id":2012,"href":"https:\/\/circulartourismalbania.eu\/sq\/wp-json\/wp\/v2\/pages\/1228\/revisions\/2012"}],"up":[{"embeddable":true,"href":"https:\/\/circulartourismalbania.eu\/sq\/wp-json\/wp\/v2\/pages\/1188"}],"wp:attachment":[{"href":"https:\/\/circulartourismalbania.eu\/sq\/wp-json\/wp\/v2\/media?parent=1228"}],"curies":[{"name":"wp","href":"https:\/\/api.w.org\/{rel}","templated":true}]}}