{"id":1208,"date":"2025-03-31T15:25:44","date_gmt":"2025-03-31T15:25:44","guid":{"rendered":"https:\/\/circulartourismalbania.eu\/?page_id=1208"},"modified":"2025-05-29T08:49:38","modified_gmt":"2025-05-29T08:49:38","slug":"programi-i-zhvillimit-te-ndertimit-te-kapaciteteve","status":"publish","type":"page","link":"https:\/\/circulartourismalbania.eu\/sq\/rezultatet-e-projektit\/programi-i-zhvillimit-te-ndertimit-te-kapaciteteve","title":{"rendered":"PROGRAMI I ZHVILLIMIT T\u00cb ND\u00cbRTIMIT T\u00cb KAPACITETEVE"},"content":{"rendered":"\t\t<div data-elementor-type=\"wp-page\" data-elementor-id=\"1208\" class=\"elementor elementor-1208 elementor-1043\" data-elementor-post-type=\"page\">\n\t\t\t\t<div class=\"elementor-element elementor-element-9399b06 e-flex e-con-boxed wpr-particle-no wpr-jarallax-no wpr-parallax-no wpr-sticky-section-no wpr-equal-height-no e-con e-parent\" data-id=\"9399b06\" data-element_type=\"container\" data-e-type=\"container\" data-settings=\"{&quot;background_background&quot;:&quot;classic&quot;,&quot;jet_parallax_layout_list&quot;:[]}\">\n\t\t\t\t\t<div class=\"e-con-inner\">\n\t\t\t\t<div class=\"elementor-element elementor-element-b170387 elementor-widget elementor-widget-heading\" data-id=\"b170387\" data-element_type=\"widget\" data-e-type=\"widget\" data-widget_type=\"heading.default\">\n\t\t\t\t<div class=\"elementor-widget-container\">\n\t\t\t\t\t<h2 class=\"elementor-heading-title elementor-size-default\">Programi i Zhvillimit t\u00eb Nd\u00ebrtimit t\u00eb Kapaciteteve<\/h2>\t\t\t\t<\/div>\n\t\t\t\t<\/div>\n\t\t\t\t\t<\/div>\n\t\t\t\t<\/div>\n\t\t<div class=\"elementor-element elementor-element-bcff902 e-con-full e-flex wpr-particle-no wpr-jarallax-no wpr-parallax-no wpr-sticky-section-no wpr-equal-height-no e-con e-parent\" data-id=\"bcff902\" data-element_type=\"container\" data-e-type=\"container\" data-settings=\"{&quot;background_background&quot;:&quot;classic&quot;,&quot;jet_parallax_layout_list&quot;:[]}\">\n\t\t<div class=\"elementor-element elementor-element-51c2d48 e-con-full e-flex wpr-particle-no wpr-jarallax-no wpr-parallax-no wpr-sticky-section-no wpr-equal-height-no e-con e-child\" data-id=\"51c2d48\" data-element_type=\"container\" data-e-type=\"container\" data-settings=\"{&quot;background_background&quot;:&quot;classic&quot;,&quot;jet_parallax_layout_list&quot;:[]}\">\n\t\t<div class=\"elementor-element elementor-element-8d4d98c e-flex e-con-boxed wpr-particle-no wpr-jarallax-no wpr-parallax-no wpr-sticky-section-no wpr-equal-height-no e-con e-child\" data-id=\"8d4d98c\" data-element_type=\"container\" data-e-type=\"container\" data-settings=\"{&quot;jet_parallax_layout_list&quot;:[]}\">\n\t\t\t\t\t<div class=\"e-con-inner\">\n\t\t<div class=\"elementor-element elementor-element-bca1f2c e-con-full e-flex wpr-particle-no wpr-jarallax-no wpr-parallax-no wpr-sticky-section-no wpr-equal-height-no e-con e-child\" data-id=\"bca1f2c\" data-element_type=\"container\" data-e-type=\"container\" data-settings=\"{&quot;jet_parallax_layout_list&quot;:[]}\">\n\t\t\t\t<div class=\"elementor-element elementor-element-43ed80e elementor-widget elementor-widget-text-editor\" data-id=\"43ed80e\" data-element_type=\"widget\" data-e-type=\"widget\" data-widget_type=\"text-editor.default\">\n\t\t\t\t<div class=\"elementor-widget-container\">\n\t\t\t\t\t\t\t\t\t<p>P\u00ebr t\u00eb siguruar nj\u00eb tranzicion t\u00eb suksessh\u00ebm drejt nj\u00eb ekonomie turistike qarkulluese, projekti ofron nj\u00eb program gjith\u00ebp\u00ebrfshir\u00ebs t\u00eb ngritjes s\u00eb kapaciteteve t\u00eb krijuar p\u00ebr edukator\u00ebt e AFP-s\u00eb dhe SME-t\u00eb n\u00eb sektorin e turizmit n\u00eb Shqip\u00ebri. Kjo nism\u00eb ofron trajnime t\u00eb specializuara, mentorim dhe p\u00ebrvoja praktike t\u00eb t\u00eb m\u00ebsuarit, duke i pajisur pjes\u00ebmarr\u00ebsit me aft\u00ebsit\u00eb e nevojshme p\u00ebr t\u00eb integruar q\u00ebndrueshm\u00ebrin\u00eb n\u00eb operacionet e tyre t\u00eb p\u00ebrditshme.<\/p><p>Programi p\u00ebrfshin sesione trajnimi ball\u00eb p\u00ebr ball\u00eb dhe n\u00eb internet, pun\u00ebtori interaktive dhe vizita studimore n\u00eb Gjermani, Franc\u00eb dhe Spanj\u00eb, ku pjes\u00ebmarr\u00ebsit do t\u00eb fitojn\u00eb njohuri t\u00eb drejtp\u00ebrdrejta mbi modelet e suksesshme t\u00eb turizmit t\u00eb q\u00ebndruesh\u00ebm. Kurrikula \u00ebsht\u00eb praktike dhe e orientuar drejt veprimeve, duke mbuluar tema thelb\u00ebsore si menaxhimi i mbetjeve, efikasiteti i energjis\u00eb dhe burimet e p\u00ebrgjegjshme.<\/p><p>Duke kombinuar udh\u00ebzimet e ekspert\u00ebve, ekspozimin nd\u00ebrkomb\u00ebtar dhe aplikimin n\u00eb bot\u00ebn reale, kjo nism\u00eb nxit bashk\u00ebpunimin midis arsimit dhe biznesit, duke siguruar q\u00eb industria e turizmit n\u00eb Shqip\u00ebri t\u00eb mbetet konkurruese, inovative dhe e p\u00ebrafruar me standardet e q\u00ebndrueshm\u00ebris\u00eb s\u00eb BE-s\u00eb.<\/p>\t\t\t\t\t\t\t\t<\/div>\n\t\t\t\t<\/div>\n\t\t\t\t<\/div>\n\t\t<div class=\"elementor-element elementor-element-07807bf e-con-full e-flex wpr-particle-no wpr-jarallax-no wpr-parallax-no wpr-sticky-section-no wpr-equal-height-no e-con e-child\" data-id=\"07807bf\" data-element_type=\"container\" data-e-type=\"container\" data-settings=\"{&quot;jet_parallax_layout_list&quot;:[]}\">\n\t\t\t\t<\/div>\n\t\t\t\t\t<\/div>\n\t\t\t\t<\/div>\n\t\t\t\t<\/div>\n\t\t\t\t<\/div>\n\t\t<div class=\"elementor-element elementor-element-ff3c437 e-flex e-con-boxed wpr-particle-no wpr-jarallax-no wpr-parallax-no wpr-sticky-section-no wpr-equal-height-no e-con e-parent\" data-id=\"ff3c437\" data-element_type=\"container\" data-e-type=\"container\" data-settings=\"{&quot;background_background&quot;:&quot;classic&quot;,&quot;jet_parallax_layout_list&quot;:[]}\">\n\t\t\t\t\t<div class=\"e-con-inner\">\n\t\t\t\t<div class=\"elementor-element elementor-element-fa422a7 wpr-adv-slider-columns-1 wpr-adv-slider-columns--laptop1 wpr-adv-slider-columns--tablet1 wpr-adv-slider-columns--mobile1 wpr-adv-slides-to-scroll-1 wpr-slider-dots-horizontal elementor-widget elementor-widget-wpr-advanced-slider\" data-id=\"fa422a7\" data-element_type=\"widget\" data-e-type=\"widget\" data-settings=\"{&quot;slider_amount&quot;:1,&quot;slider_amount_laptop&quot;:1,&quot;slider_amount_tablet&quot;:1,&quot;slider_amount_mobile&quot;:1,&quot;slides_to_scroll&quot;:1,&quot;slider_loop&quot;:&quot;yes&quot;,&quot;slider_hide_video_content&quot;:&quot;yes&quot;,&quot;slider_video_btn_size&quot;:&quot;medium&quot;}\" data-widget_type=\"wpr-advanced-slider.default\">\n\t\t\t\t<div class=\"elementor-widget-container\">\n\t\t\t\t\t\n\t\t<!-- Advanced Slider -->\n\t\t<div class=\"wpr-advanced-slider-wrap\">\n\t\t\t\n\t\t\t<div class=\"wpr-advanced-slider\" dir=\"ltr\" data-slick=\"{&quot;rtl&quot;:false,&quot;infinite&quot;:true,&quot;speed&quot;:700,&quot;arrows&quot;:true,&quot;dots&quot;:true,&quot;autoplay&quot;:false,&quot;autoplaySpeed&quot;:1000,&quot;pauseOnHover&quot;:&quot;&quot;,&quot;prevArrow&quot;:&quot;#wpr-slider-prev-fa422a7&quot;,&quot;nextArrow&quot;:&quot;#wpr-slider-next-fa422a7&quot;,&quot;vertical&quot;:false,&quot;adaptiveHeight&quot;:true}\" data-hide-video-content=\"yes\" data-video-btn-size=\"{&quot;widescreen&quot;:&quot;medium&quot;,&quot;desktop&quot;:&quot;medium&quot;,&quot;laptop&quot;:&quot;medium&quot;,&quot;tablet_extra&quot;:&quot;medium&quot;,&quot;tablet&quot;:&quot;medium&quot;,&quot;mobile_extra&quot;:&quot;medium&quot;,&quot;mobile&quot;:&quot;medium&quot;}\" data-slide-effect=\"slide\">\n\t\t\t\t<div class=\"wpr-slider-item elementor-repeater-item-f60709d\"><div class=\"wpr-slider-item-bg \" style=\"background-image: url()\"><\/div><div class=\"wpr-slider-item-overlay\"><\/div><div class=\"wpr-cv-container\"><div class=\"wpr-cv-outer\"><div class=\"wpr-cv-inner\"><div class=\"wpr-slider-content\"><div class=\"wpr-slider-title\"><h3>Kuadri, udh\u00ebzimet dhe programi p\u00ebr Mobilitetet (vizita n\u00eb terren)<\/h3><\/div><div class=\"wpr-slider-description\"><p><br>Nj\u00eb program i strukturuar l\u00ebvizshm\u00ebrie lidh pedagog\u00ebt shqiptar\u00eb dhe profesionist\u00ebt e turizmit me institucionet kryesore evropiane, duke ofruar p\u00ebrvoja gjith\u00ebp\u00ebrfshir\u00ebse t\u00eb t\u00eb m\u00ebsuarit. Udh\u00ebzimet e qarta sigurojn\u00eb q\u00eb pjes\u00ebmarr\u00ebsit t\u00eb fitojn\u00eb njohuri praktike mbi praktikat e ekonomis\u00eb rrethore p\u00ebrmes vizitave n\u00eb terren, sesioneve t\u00eb rrjet\u00ebzimit dhe trajnimeve praktike. Kuadri i mobilitetit ka prioritet transferimin e njohurive, zhvillimin profesional dhe bashk\u00ebpunimin nd\u00ebrkomb\u00ebtar, duke forcuar sektorin e turizmit n\u00eb Shqip\u00ebri.\n<br><br>P\u00ebr t\u00eb shkarkuar Korniz\u00ebn, udh\u00ebzimet dhe programin p\u00ebr Mobilitetet...<\/p><\/div><div class=\"wpr-slider-btns\"><a class=\"wpr-slider-primary-btn\" href=\"#\">Klikoni k\u00ebtu<\/a><\/div><\/div><\/div><\/div><\/div><\/div><div class=\"wpr-slider-item elementor-repeater-item-43abafe\"><div class=\"wpr-slider-item-bg \" style=\"background-image: url()\"><\/div><div class=\"wpr-slider-item-overlay\"><\/div><div class=\"wpr-cv-container\"><div class=\"wpr-cv-outer\"><div class=\"wpr-cv-inner\"><div class=\"wpr-slider-content\"><div class=\"wpr-slider-title\"><h3>Metodologjia dhe programi i perfshirjes se stakeholdersave ne webinar<\/h3><\/div><div class=\"wpr-slider-description\"><p><br>Programi i l\u00ebvizshm\u00ebris\u00eb ndjek nj\u00eb qasje t\u00eb t\u00eb m\u00ebsuarit nga p\u00ebrvoja, duke kombinuar vizitat studimore, shk\u00ebmbimet e koleg\u00ebve dhe sesionet e udh\u00ebhequra nga ekspert\u00ebt. Pjes\u00ebmarr\u00ebsit vizitojn\u00eb destinacionet turistike me praktikat m\u00eb t\u00eb mira n\u00eb Gjermani, Franc\u00eb dhe Spanj\u00eb, duke u angazhuar me biznese dhe edukator\u00eb q\u00eb kan\u00eb zbatuar me sukses parimet e ekonomis\u00eb rrethore. Metodologjia nxit m\u00ebsimin nd\u00ebrveprues, duke siguruar q\u00eb njohurit\u00eb e fituara jasht\u00eb mund t\u00eb zbatohen praktikisht brenda sektorit t\u00eb turizmit n\u00eb Shqip\u00ebri.\n<br><br>\nP\u00ebr t\u00eb shkarkuar Metodologjin\u00eb dhe programin e Webinareve p\u00ebr Angazhimin e Aktor\u00ebve...<\/p><\/div><div class=\"wpr-slider-btns\"><a class=\"wpr-slider-primary-btn\" href=\"#\">Klikoni k\u00ebtu<\/a><\/div><\/div><\/div><\/div><\/div><\/div><div class=\"wpr-slider-item elementor-repeater-item-3765521\"><div class=\"wpr-slider-item-bg \" style=\"background-image: url()\"><\/div><div class=\"wpr-slider-item-overlay\"><\/div><div class=\"wpr-cv-container\"><div class=\"wpr-cv-outer\"><div class=\"wpr-cv-inner\"><div class=\"wpr-slider-content\"><div class=\"wpr-slider-title\"><h3>Metodologjia e workshopit<\/h3><\/div><div class=\"wpr-slider-description\"><p><br>Pun\u00ebtorit\u00eb ofrojn\u00eb trajnim praktik p\u00ebr t\u00eb ndihmuar edukator\u00ebt dhe SME-t\u00eb t\u00eb zbatojn\u00eb parimet e ekonomis\u00eb rrethore n\u00eb skenar\u00ebt e bot\u00ebs reale. Duke p\u00ebrdorur ushtrime nd\u00ebrvepruese, raste studimore dhe diskutime n\u00eb grup, pjes\u00ebmarr\u00ebsit m\u00ebsojn\u00eb t\u00eb zhvillojn\u00eb strategji t\u00eb q\u00ebndrueshme biznesi dhe t\u00eb integrojn\u00eb praktikat e gjelbra n\u00eb operacionet turistike. \u00c7do seminar nxit bashk\u00ebpunimin midis edukator\u00ebve dhe bizneseve, duke inkurajuar zgjidhjen e p\u00ebrbashk\u00ebt t\u00eb problemeve dhe inovacionin p\u00ebr nj\u00eb ekosistem turistik m\u00eb t\u00eb q\u00ebndruesh\u00ebm.\n<br><br>\nP\u00ebr t\u00eb shkarkuar Metodologjin\u00eb e Pun\u00ebtorive...<\/p><\/div><div class=\"wpr-slider-btns\"><a class=\"wpr-slider-primary-btn\" href=\"#\">Klikoni k\u00ebtu<\/a><\/div><\/div><\/div><\/div><\/div><\/div><div class=\"wpr-slider-item elementor-repeater-item-6f9ca03\"><div class=\"wpr-slider-item-bg \" style=\"background-image: url()\"><\/div><div class=\"wpr-slider-item-overlay\"><\/div><div class=\"wpr-cv-container\"><div class=\"wpr-cv-outer\"><div class=\"wpr-cv-inner\"><div class=\"wpr-slider-content\"><div class=\"wpr-slider-title\"><h3>Metodologjia e Skem\u00ebs s\u00eb Mentorimit<\/h3><\/div><div class=\"wpr-slider-description\"><p><br>Nj\u00eb program i dedikuar mentorimi lidh profesionist\u00eb me p\u00ebrvoj\u00eb t\u00eb turizmit me SME-t\u00eb, duke ofruar udh\u00ebzime t\u00eb personalizuara p\u00ebr zbatimin e modeleve t\u00eb q\u00ebndrueshme t\u00eb biznesit. Mentor\u00ebt ndihmojn\u00eb bizneset t\u00eb adoptojn\u00eb praktikat e ekonomis\u00eb rrethore, t\u00eb optimizojn\u00eb p\u00ebrdorimin e burimeve dhe t\u00eb p\u00ebrmir\u00ebsojn\u00eb performanc\u00ebn e q\u00ebndrueshm\u00ebris\u00eb. Kjo qasje nj\u00eb-n\u00eb-nj\u00eb siguron q\u00eb \u00e7do SME t\u00eb marr\u00eb mb\u00ebshtetje praktike, t\u00eb p\u00ebrshtatur, duke p\u00ebrshpejtuar kalimin e tyre drejt operacioneve turistike m\u00eb miq\u00ebsore me mjedisin.\n<br><br>P\u00ebr t\u00eb shkarkuar Metodologjin\u00eb e Skem\u00ebs s\u00eb Mentorimit...<\/p><\/div><div class=\"wpr-slider-btns\"><a class=\"wpr-slider-primary-btn\" href=\"#\">Klikoni k\u00ebtu<\/a><\/div><\/div><\/div><\/div><\/div><\/div>\t\t\t<\/div>\n\t\t\t<div class=\"wpr-slider-controls\">\n\t\t\t\t<div class=\"wpr-slider-dots\"><\/div>\n\t\t\t<\/div>\n\n\t\t\t<div class=\"wpr-slider-arrow-container\">\n\t\t\t\t<div class=\"wpr-slider-prev-arrow wpr-slider-arrow\" id=\"wpr-slider-prev-fa422a7\">\n\t\t\t\t\t<svg version=\"1.1\" xmlns=\"http:\/\/www.w3.org\/2000\/svg\" xmlns:xlink=\"http:\/\/www.w3.org\/1999\/xlink\" x=\"0px\" y=\"0px\" viewBox=\"0 0 283.4 512\" style=\"enable-background:new 0 0 283.4 512;\" xml:space=\"preserve\"><g><polygon class=\"st0\" points=\"54.5,256.3 283.4,485.1 256.1,512.5 0,256.3 0,256.3 27.2,229 256.1,0 283.4,27.4 \"\/><\/g><\/svg>\t\t\t\t<\/div>\n\t\t\t\t<div class=\"wpr-slider-next-arrow wpr-slider-arrow\" id=\"wpr-slider-next-fa422a7\">\n\t\t\t\t\t<svg version=\"1.1\" xmlns=\"http:\/\/www.w3.org\/2000\/svg\" xmlns:xlink=\"http:\/\/www.w3.org\/1999\/xlink\" x=\"0px\" y=\"0px\" viewBox=\"0 0 283.4 512\" style=\"enable-background:new 0 0 283.4 512;\" xml:space=\"preserve\"><g><polygon class=\"st0\" points=\"54.5,256.3 283.4,485.1 256.1,512.5 0,256.3 0,256.3 27.2,229 256.1,0 283.4,27.4 \"\/><\/g><\/svg>\t\t\t\t<\/div>\n\t\t\t<\/div>\n\t\t\t\n\t\t\t\n\t\t<\/div>\n\t\t\t\t\t\t<\/div>\n\t\t\t\t<\/div>\n\t\t\t\t\t<\/div>\n\t\t\t\t<\/div>\n\t\t<div class=\"elementor-element elementor-element-7f83cc9 e-flex e-con-boxed wpr-particle-no wpr-jarallax-no wpr-parallax-no wpr-sticky-section-no wpr-equal-height-no e-con e-parent\" data-id=\"7f83cc9\" data-element_type=\"container\" data-e-type=\"container\" data-settings=\"{&quot;background_background&quot;:&quot;classic&quot;,&quot;jet_parallax_layout_list&quot;:[]}\">\n\t\t\t\t\t<div class=\"e-con-inner\">\n\t\t\t\t\t<\/div>\n\t\t\t\t<\/div>\n\t\t\t\t<\/div>\n\t\t","protected":false},"excerpt":{"rendered":"<p>Programi i Zhvillimit t\u00eb Nd\u00ebrtimit t\u00eb Kapaciteteve P\u00ebr t\u00eb siguruar nj\u00eb tranzicion t\u00eb suksessh\u00ebm drejt nj\u00eb ekonomie turistike qarkulluese, projekti ofron nj\u00eb program gjith\u00ebp\u00ebrfshir\u00ebs t\u00eb ngritjes s\u00eb kapaciteteve t\u00eb krijuar p\u00ebr edukator\u00ebt e AFP-s\u00eb dhe SME-t\u00eb n\u00eb sektorin e turizmit n\u00eb Shqip\u00ebri. Kjo nism\u00eb ofron trajnime t\u00eb specializuara, mentorim dhe p\u00ebrvoja praktike t\u00eb t\u00eb m\u00ebsuarit, duke i pajisur pjes\u00ebmarr\u00ebsit me aft\u00ebsit\u00eb e nevojshme p\u00ebr t\u00eb integruar q\u00ebndrueshm\u00ebrin\u00eb n\u00eb operacionet e tyre t\u00eb p\u00ebrditshme. Programi p\u00ebrfshin sesione trajnimi ball\u00eb p\u00ebr ball\u00eb dhe n\u00eb internet, pun\u00ebtori interaktive dhe vizita studimore n\u00eb Gjermani, Franc\u00eb dhe Spanj\u00eb, ku pjes\u00ebmarr\u00ebsit do t\u00eb fitojn\u00eb njohuri t\u00eb drejtp\u00ebrdrejta mbi modelet e suksesshme t\u00eb turizmit t\u00eb q\u00ebndruesh\u00ebm. Kurrikula \u00ebsht\u00eb praktike dhe e orientuar drejt veprimeve, duke mbuluar tema thelb\u00ebsore si menaxhimi i mbetjeve, efikasiteti i energjis\u00eb dhe burimet e p\u00ebrgjegjshme. Duke kombinuar udh\u00ebzimet e ekspert\u00ebve, ekspozimin nd\u00ebrkomb\u00ebtar dhe aplikimin n\u00eb bot\u00ebn reale, kjo nism\u00eb nxit bashk\u00ebpunimin midis arsimit dhe biznesit, duke siguruar q\u00eb industria e turizmit n\u00eb Shqip\u00ebri t\u00eb mbetet konkurruese, inovative dhe e p\u00ebrafruar me standardet e q\u00ebndrueshm\u00ebris\u00eb s\u00eb BE-s\u00eb. Kuadri, udh\u00ebzimet dhe programi p\u00ebr Mobilitetet (vizita n\u00eb terren) Nj\u00eb program i strukturuar l\u00ebvizshm\u00ebrie lidh pedagog\u00ebt shqiptar\u00eb dhe profesionist\u00ebt e turizmit me institucionet kryesore evropiane, duke ofruar p\u00ebrvoja gjith\u00ebp\u00ebrfshir\u00ebse t\u00eb t\u00eb m\u00ebsuarit. Udh\u00ebzimet e qarta sigurojn\u00eb q\u00eb pjes\u00ebmarr\u00ebsit t\u00eb fitojn\u00eb njohuri praktike mbi praktikat e ekonomis\u00eb rrethore p\u00ebrmes vizitave n\u00eb terren, sesioneve t\u00eb rrjet\u00ebzimit dhe trajnimeve praktike. Kuadri i mobilitetit ka prioritet transferimin e njohurive, zhvillimin profesional dhe bashk\u00ebpunimin nd\u00ebrkomb\u00ebtar, duke forcuar sektorin e turizmit n\u00eb Shqip\u00ebri. P\u00ebr t\u00eb shkarkuar Korniz\u00ebn, udh\u00ebzimet dhe programin p\u00ebr Mobilitetet&#8230; Klikoni k\u00ebtu Metodologjia dhe programi i perfshirjes se stakeholdersave ne webinar Programi i l\u00ebvizshm\u00ebris\u00eb ndjek nj\u00eb qasje t\u00eb t\u00eb m\u00ebsuarit nga p\u00ebrvoja, duke kombinuar vizitat studimore, shk\u00ebmbimet e koleg\u00ebve dhe sesionet e udh\u00ebhequra nga ekspert\u00ebt. Pjes\u00ebmarr\u00ebsit vizitojn\u00eb destinacionet turistike me praktikat m\u00eb t\u00eb mira n\u00eb Gjermani, Franc\u00eb dhe Spanj\u00eb, duke u angazhuar me biznese dhe edukator\u00eb q\u00eb kan\u00eb zbatuar me sukses parimet e ekonomis\u00eb rrethore. Metodologjia nxit m\u00ebsimin nd\u00ebrveprues, duke siguruar q\u00eb njohurit\u00eb e fituara jasht\u00eb mund t\u00eb zbatohen praktikisht brenda sektorit t\u00eb turizmit n\u00eb Shqip\u00ebri. P\u00ebr t\u00eb shkarkuar Metodologjin\u00eb dhe programin e Webinareve p\u00ebr Angazhimin e Aktor\u00ebve&#8230; Klikoni k\u00ebtu Metodologjia e workshopit Pun\u00ebtorit\u00eb ofrojn\u00eb trajnim praktik p\u00ebr t\u00eb ndihmuar edukator\u00ebt dhe SME-t\u00eb t\u00eb zbatojn\u00eb parimet e ekonomis\u00eb rrethore n\u00eb skenar\u00ebt e bot\u00ebs reale. Duke p\u00ebrdorur ushtrime nd\u00ebrvepruese, raste studimore dhe diskutime n\u00eb grup, pjes\u00ebmarr\u00ebsit m\u00ebsojn\u00eb t\u00eb zhvillojn\u00eb strategji t\u00eb q\u00ebndrueshme biznesi dhe t\u00eb integrojn\u00eb praktikat e gjelbra n\u00eb operacionet turistike. \u00c7do seminar nxit bashk\u00ebpunimin midis edukator\u00ebve dhe bizneseve, duke inkurajuar zgjidhjen e p\u00ebrbashk\u00ebt t\u00eb problemeve dhe inovacionin p\u00ebr nj\u00eb ekosistem turistik m\u00eb t\u00eb q\u00ebndruesh\u00ebm. P\u00ebr t\u00eb shkarkuar Metodologjin\u00eb e Pun\u00ebtorive&#8230; Klikoni k\u00ebtu Metodologjia e Skem\u00ebs s\u00eb Mentorimit Nj\u00eb program i dedikuar mentorimi lidh profesionist\u00eb me p\u00ebrvoj\u00eb t\u00eb turizmit me SME-t\u00eb, duke ofruar udh\u00ebzime t\u00eb personalizuara p\u00ebr zbatimin e modeleve t\u00eb q\u00ebndrueshme t\u00eb biznesit. Mentor\u00ebt ndihmojn\u00eb bizneset t\u00eb adoptojn\u00eb praktikat e ekonomis\u00eb rrethore, t\u00eb optimizojn\u00eb p\u00ebrdorimin e burimeve dhe t\u00eb p\u00ebrmir\u00ebsojn\u00eb performanc\u00ebn e q\u00ebndrueshm\u00ebris\u00eb. Kjo qasje nj\u00eb-n\u00eb-nj\u00eb siguron q\u00eb \u00e7do SME t\u00eb marr\u00eb mb\u00ebshtetje praktike, t\u00eb p\u00ebrshtatur, duke p\u00ebrshpejtuar kalimin e tyre drejt operacioneve turistike m\u00eb miq\u00ebsore me mjedisin. P\u00ebr t\u00eb shkarkuar Metodologjin\u00eb e Skem\u00ebs s\u00eb Mentorimit&#8230; Klikoni k\u00ebtu<\/p>\n","protected":false},"author":1,"featured_media":0,"parent":1188,"menu_order":0,"comment_status":"closed","ping_status":"closed","template":"","meta":{"_monsterinsights_skip_tracking":false,"_monsterinsights_sitenote_active":false,"_monsterinsights_sitenote_note":"","_monsterinsights_sitenote_category":0,"site-sidebar-layout":"no-sidebar","site-content-layout":"","ast-site-content-layout":"full-width-container","site-content-style":"default","site-sidebar-style":"default","ast-global-header-display":"","ast-banner-title-visibility":"","ast-main-header-display":"","ast-hfb-above-header-display":"","ast-hfb-below-header-display":"","ast-hfb-mobile-header-display":"","site-post-title":"disabled","ast-breadcrumbs-content":"","ast-featured-img":"disabled","footer-sml-layout":"","ast-disable-related-posts":"","theme-transparent-header-meta":"default","adv-header-id-meta":"","stick-header-meta":"","header-above-stick-meta":"","header-main-stick-meta":"","header-below-stick-meta":"","astra-migrate-meta-layouts":"set","ast-page-background-enabled":"default","ast-page-background-meta":{"desktop":{"background-color":"var(--ast-global-color-5)","background-image":"","background-repeat":"repeat","background-position":"center center","background-size":"auto","background-attachment":"scroll","background-type":"","background-media":"","overlay-type":"","overlay-color":"","overlay-opacity":"","overlay-gradient":""},"tablet":{"background-color":"","background-image":"","background-repeat":"repeat","background-position":"center center","background-size":"auto","background-attachment":"scroll","background-type":"","background-media":"","overlay-type":"","overlay-color":"","overlay-opacity":"","overlay-gradient":""},"mobile":{"background-color":"","background-image":"","background-repeat":"repeat","background-position":"center center","background-size":"auto","background-attachment":"scroll","background-type":"","background-media":"","overlay-type":"","overlay-color":"","overlay-opacity":"","overlay-gradient":""}},"ast-content-background-meta":{"desktop":{"background-color":"var(--ast-global-color-4)","background-image":"","background-repeat":"repeat","background-position":"center center","background-size":"auto","background-attachment":"scroll","background-type":"","background-media":"","overlay-type":"","overlay-color":"","overlay-opacity":"","overlay-gradient":""},"tablet":{"background-color":"var(--ast-global-color-4)","background-image":"","background-repeat":"repeat","background-position":"center center","background-size":"auto","background-attachment":"scroll","background-type":"","background-media":"","overlay-type":"","overlay-color":"","overlay-opacity":"","overlay-gradient":""},"mobile":{"background-color":"var(--ast-global-color-4)","background-image":"","background-repeat":"repeat","background-position":"center center","background-size":"auto","background-attachment":"scroll","background-type":"","background-media":"","overlay-type":"","overlay-color":"","overlay-opacity":"","overlay-gradient":""}},"footnotes":""},"class_list":["post-1208","page","type-page","status-publish","hentry"],"_links":{"self":[{"href":"https:\/\/circulartourismalbania.eu\/sq\/wp-json\/wp\/v2\/pages\/1208","targetHints":{"allow":["GET"]}}],"collection":[{"href":"https:\/\/circulartourismalbania.eu\/sq\/wp-json\/wp\/v2\/pages"}],"about":[{"href":"https:\/\/circulartourismalbania.eu\/sq\/wp-json\/wp\/v2\/types\/page"}],"author":[{"embeddable":true,"href":"https:\/\/circulartourismalbania.eu\/sq\/wp-json\/wp\/v2\/users\/1"}],"replies":[{"embeddable":true,"href":"https:\/\/circulartourismalbania.eu\/sq\/wp-json\/wp\/v2\/comments?post=1208"}],"version-history":[{"count":28,"href":"https:\/\/circulartourismalbania.eu\/sq\/wp-json\/wp\/v2\/pages\/1208\/revisions"}],"predecessor-version":[{"id":1984,"href":"https:\/\/circulartourismalbania.eu\/sq\/wp-json\/wp\/v2\/pages\/1208\/revisions\/1984"}],"up":[{"embeddable":true,"href":"https:\/\/circulartourismalbania.eu\/sq\/wp-json\/wp\/v2\/pages\/1188"}],"wp:attachment":[{"href":"https:\/\/circulartourismalbania.eu\/sq\/wp-json\/wp\/v2\/media?parent=1208"}],"curies":[{"name":"wp","href":"https:\/\/api.w.org\/{rel}","templated":true}]}}