{"id":1203,"date":"2025-03-31T15:23:01","date_gmt":"2025-03-31T15:23:01","guid":{"rendered":"https:\/\/circulartourismalbania.eu\/?page_id=1203"},"modified":"2025-10-29T16:02:46","modified_gmt":"2025-10-29T16:02:46","slug":"kuadri-dhe-metodologjia","status":"publish","type":"page","link":"https:\/\/circulartourismalbania.eu\/sq\/rezultatet-e-projektit\/kuadri-dhe-metodologjia","title":{"rendered":"KUADRI DHE METODOLOGJIA"},"content":{"rendered":"\t\t<div data-elementor-type=\"wp-page\" data-elementor-id=\"1203\" class=\"elementor elementor-1203 elementor-1041\" data-elementor-post-type=\"page\">\n\t\t\t\t<div class=\"elementor-element elementor-element-85bf0f5 e-flex e-con-boxed wpr-particle-no wpr-jarallax-no wpr-parallax-no wpr-sticky-section-no wpr-equal-height-no e-con e-parent\" data-id=\"85bf0f5\" data-element_type=\"container\" data-e-type=\"container\" data-settings=\"{&quot;background_background&quot;:&quot;classic&quot;,&quot;jet_parallax_layout_list&quot;:[]}\">\n\t\t\t\t\t<div class=\"e-con-inner\">\n\t\t\t\t<div class=\"elementor-element elementor-element-c31dc3c elementor-widget elementor-widget-heading\" data-id=\"c31dc3c\" data-element_type=\"widget\" data-e-type=\"widget\" data-widget_type=\"heading.default\">\n\t\t\t\t<div class=\"elementor-widget-container\">\n\t\t\t\t\t<h2 class=\"elementor-heading-title elementor-size-default\">Kuadri dhe Metodologjia<\/h2>\t\t\t\t<\/div>\n\t\t\t\t<\/div>\n\t\t\t\t\t<\/div>\n\t\t\t\t<\/div>\n\t\t<div class=\"elementor-element elementor-element-6e06a1d e-con-full e-flex wpr-particle-no wpr-jarallax-no wpr-parallax-no wpr-sticky-section-no wpr-equal-height-no e-con e-parent\" data-id=\"6e06a1d\" data-element_type=\"container\" data-e-type=\"container\" data-settings=\"{&quot;background_background&quot;:&quot;classic&quot;,&quot;jet_parallax_layout_list&quot;:[]}\">\n\t\t<div class=\"elementor-element elementor-element-7768813 e-con-full e-flex wpr-particle-no wpr-jarallax-no wpr-parallax-no wpr-sticky-section-no wpr-equal-height-no e-con e-child\" data-id=\"7768813\" data-element_type=\"container\" data-e-type=\"container\" data-settings=\"{&quot;background_background&quot;:&quot;classic&quot;,&quot;jet_parallax_layout_list&quot;:[]}\">\n\t\t<div class=\"elementor-element elementor-element-5fbc9f5 e-flex e-con-boxed wpr-particle-no wpr-jarallax-no wpr-parallax-no wpr-sticky-section-no wpr-equal-height-no e-con e-child\" data-id=\"5fbc9f5\" data-element_type=\"container\" data-e-type=\"container\" data-settings=\"{&quot;jet_parallax_layout_list&quot;:[]}\">\n\t\t\t\t\t<div class=\"e-con-inner\">\n\t\t<div class=\"elementor-element elementor-element-e9b6f82 e-con-full e-flex wpr-particle-no wpr-jarallax-no wpr-parallax-no wpr-sticky-section-no wpr-equal-height-no e-con e-child\" data-id=\"e9b6f82\" data-element_type=\"container\" data-e-type=\"container\" data-settings=\"{&quot;jet_parallax_layout_list&quot;:[]}\">\n\t\t\t\t<div class=\"elementor-element elementor-element-3f80c37 elementor-widget elementor-widget-text-editor\" data-id=\"3f80c37\" data-element_type=\"widget\" data-e-type=\"widget\" data-widget_type=\"text-editor.default\">\n\t\t\t\t<div class=\"elementor-widget-container\">\n\t\t\t\t\t\t\t\t\t<p>P\u00ebr t\u00eb nxitur tranzicionin drejt nj\u00eb industrie turistike m\u00eb t\u00eb q\u00ebndrueshme, projekti krijon nj\u00eb korniz\u00eb dhe metodologji t\u00eb strukturuar t\u00eb krijuar p\u00ebr t\u00eb pajisur edukator\u00ebt e AFP-s\u00eb dhe SME-t\u00eb e turizmit me aft\u00ebsit\u00eb dhe njohurit\u00eb e nevojshme. Kjo qasje \u00ebsht\u00eb nd\u00ebrtuar mbi tre shtylla kryesore: k\u00ebrkimi, integrimi i praktikave m\u00eb t\u00eb mira dhe zgjidhjet e p\u00ebrshtatura t\u00eb trajnimit.<\/p><p>Hapi i par\u00eb p\u00ebrfshin analizimin e sfidave dhe mund\u00ebsive kryesore n\u00eb sektorin e turizmit n\u00eb Shqip\u00ebri, identifikimin e boshll\u00ebqeve n\u00eb praktikat e q\u00ebndrueshm\u00ebris\u00eb dhe vler\u00ebsimin e potencialit p\u00ebr integrimin e ekonomis\u00eb rrethore. Duke u frym\u00ebzuar nga modelet e suksesshme evropiane, projekti kuron nj\u00eb grup mjetesh praktike dhe burimesh trajnimi q\u00eb mund t\u00eb p\u00ebrshtaten me nevojat lokale.<\/p><p>Nj\u00eb theks i madh i \u00ebsht\u00eb v\u00ebn\u00eb bashk\u00ebpunimit t\u00eb pal\u00ebve t\u00eb interesuara, duke siguruar q\u00eb programi i trajnimit t\u00eb jet\u00eb i r\u00ebnd\u00ebsish\u00ebm dhe me ndikim. Duke p\u00ebrdorur kornizat e BE-s\u00eb si Green Comp dhe EQAVET, projekti garanton arsim me cil\u00ebsi t\u00eb lart\u00eb q\u00eb p\u00ebrputhet me standardet nd\u00ebrkomb\u00ebtare t\u00eb q\u00ebndrueshm\u00ebris\u00eb. Kjo qasje dinamike dhe e adaptueshme i fuqizon bizneset dhe edukator\u00ebt t\u00eb zbatojn\u00eb ndryshime reale, duke nxitur nj\u00eb ekosistem turistik m\u00eb t\u00eb gjelb\u00ebr dhe m\u00eb elastik n\u00eb Shqip\u00ebri.<\/p>\t\t\t\t\t\t\t\t<\/div>\n\t\t\t\t<\/div>\n\t\t\t\t<\/div>\n\t\t<div class=\"elementor-element elementor-element-a200268 e-con-full e-flex wpr-particle-no wpr-jarallax-no wpr-parallax-no wpr-sticky-section-no wpr-equal-height-no e-con e-child\" data-id=\"a200268\" data-element_type=\"container\" data-e-type=\"container\" data-settings=\"{&quot;jet_parallax_layout_list&quot;:[]}\">\n\t\t\t\t<\/div>\n\t\t\t\t\t<\/div>\n\t\t\t\t<\/div>\n\t\t\t\t<\/div>\n\t\t\t\t<\/div>\n\t\t<div class=\"elementor-element elementor-element-4d21cd3 e-con-full e-flex wpr-particle-no wpr-jarallax-no wpr-parallax-no wpr-sticky-section-no wpr-equal-height-no e-con e-parent\" data-id=\"4d21cd3\" data-element_type=\"container\" data-e-type=\"container\" data-settings=\"{&quot;background_background&quot;:&quot;classic&quot;,&quot;jet_parallax_layout_list&quot;:[]}\">\n\t\t<div class=\"elementor-element elementor-element-fbf2809 e-con-full e-flex wpr-particle-no wpr-jarallax-no wpr-parallax-no wpr-sticky-section-no wpr-equal-height-no e-con e-child\" data-id=\"fbf2809\" data-element_type=\"container\" data-e-type=\"container\" data-settings=\"{&quot;background_background&quot;:&quot;classic&quot;,&quot;jet_parallax_layout_list&quot;:[]}\">\n\t\t<div class=\"elementor-element elementor-element-ed5306b e-flex e-con-boxed wpr-particle-no wpr-jarallax-no wpr-parallax-no wpr-sticky-section-no wpr-equal-height-no e-con e-child\" data-id=\"ed5306b\" data-element_type=\"container\" data-e-type=\"container\" data-settings=\"{&quot;jet_parallax_layout_list&quot;:[]}\">\n\t\t\t\t\t<div class=\"e-con-inner\">\n\t\t<div class=\"elementor-element elementor-element-370f084 e-grid e-con-full wpr-particle-no wpr-jarallax-no wpr-parallax-no wpr-sticky-section-no wpr-equal-height-no e-con e-child\" data-id=\"370f084\" data-element_type=\"container\" data-e-type=\"container\" data-settings=\"{&quot;jet_parallax_layout_list&quot;:[]}\">\n\t\t\t\t<div class=\"elementor-element elementor-element-e757a27 elementor-flip-box--effect-push elementor-flip-box--direction-up elementor-widget elementor-widget-flip-box\" data-id=\"e757a27\" data-element_type=\"widget\" data-e-type=\"widget\" data-widget_type=\"flip-box.default\">\n\t\t\t\t<div class=\"elementor-widget-container\">\n\t\t\t\t\t\t\t<div class=\"elementor-flip-box\" tabindex=\"0\">\n\t\t\t<div class=\"elementor-flip-box__layer elementor-flip-box__front\">\n\t\t\t\t<div class=\"elementor-flip-box__layer__overlay\">\n\t\t\t\t\t<div class=\"elementor-flip-box__layer__inner\">\n\t\t\t\t\t\t\n\t\t\t\t\t\t\t\t\t\t\t\t\t<h3 class=\"elementor-flip-box__layer__title\">\n\t\t\t\t\t\t\t\tHarta e sfidave kryesore t\u00eb ekonomis\u00eb rrethore (perspektiva e AFP-s\u00eb dhe SME-ve)\t\t\t\t\t\t\t<\/h3>\n\t\t\t\t\t\t\n\t\t\t\t\t\t\t\t\t\t\t<\/div>\n\t\t\t\t<\/div>\n\t\t\t<\/div>\n\t\t\t<div class=\"elementor-flip-box__layer elementor-flip-box__back\">\n\t\t\t<div class=\"elementor-flip-box__layer__overlay\">\n\t\t\t\t<div class=\"elementor-flip-box__layer__inner\">\n\t\t\t\t\t\n\t\t\t\t\t\t\t\t\t\t\t<div class=\"elementor-flip-box__layer__description\">\n\t\t\t\t\t\t\tKy aktivitet identifikon boshll\u00ebqet kritike n\u00eb sektorin e turizmit t\u00eb Shqip\u00ebris\u00eb q\u00eb lidhen me q\u00ebndrueshm\u00ebrin\u00eb, efikasitetin e burimeve dhe adoptimin e ekonomis\u00eb rrethore. Nj\u00eb analiz\u00eb e detajuar e barrierave mjedisore, ekonomike dhe rregullatore kryhet p\u00ebrmes hulumtimit, intervistave me pal\u00ebt e interesuara dhe studimeve t\u00eb rasteve. Gjetjet drejtojn\u00eb zhvillimin e moduleve t\u00eb trajnimit dhe sigurojn\u00eb q\u00eb aktivitetet e projektit adresojn\u00eb drejtp\u00ebrdrejt nevojat lokale. Harta p\u00ebrafron gjithashtu strategjit\u00eb e turizmit t\u00eb Shqip\u00ebris\u00eb me standardet e q\u00ebndrueshm\u00ebris\u00eb s\u00eb BE-s\u00eb.\t\t\t\t\t\t<\/div>\n\t\t\t\t\t\n\t\t\t\t\t\t\t\t\t\t\t<a class=\"elementor-flip-box__button elementor-button elementor-size-sm\" href=\"https:\/\/circulartourismalbania.eu\/wp-content\/uploads\/2025\/07\/D2.1-Mapping-of-Key-Challenges_AL.pdf\" target=\"_blank\">\n\t\t\t\t\t\t\tP\u00ebr t\u00eb shkarkuar Hart\u00ebn e sfidave kryesore t\u00eb ekonomis\u00eb rrethore, klikoni k\u00ebtu.\t\t\t\t\t\t<\/a>\n\t\t\t\t\t\t\t\t<\/div>\n\t\t<\/div>\n\t\t<\/div>\n\t\t<\/div>\n\t\t\t\t\t\t<\/div>\n\t\t\t\t<\/div>\n\t\t\t\t<div class=\"elementor-element elementor-element-28b0b9f elementor-flip-box--effect-push elementor-flip-box--direction-up elementor-widget elementor-widget-flip-box\" data-id=\"28b0b9f\" data-element_type=\"widget\" data-e-type=\"widget\" data-widget_type=\"flip-box.default\">\n\t\t\t\t<div class=\"elementor-widget-container\">\n\t\t\t\t\t\t\t<div class=\"elementor-flip-box\" tabindex=\"0\">\n\t\t\t<div class=\"elementor-flip-box__layer elementor-flip-box__front\">\n\t\t\t\t<div class=\"elementor-flip-box__layer__overlay\">\n\t\t\t\t\t<div class=\"elementor-flip-box__layer__inner\">\n\t\t\t\t\t\t\n\t\t\t\t\t\t\t\t\t\t\t\t\t<h3 class=\"elementor-flip-box__layer__title\">\n\t\t\t\t\t\t\t\tP\u00ebrpilimi i praktikave t\u00eb mira\t\t\t\t\t\t\t<\/h3>\n\t\t\t\t\t\t\n\t\t\t\t\t\t\t\t\t\t\t<\/div>\n\t\t\t\t<\/div>\n\t\t\t<\/div>\n\t\t\t<div class=\"elementor-flip-box__layer elementor-flip-box__back\">\n\t\t\t<div class=\"elementor-flip-box__layer__overlay\">\n\t\t\t\t<div class=\"elementor-flip-box__layer__inner\">\n\t\t\t\t\t\n\t\t\t\t\t\t\t\t\t\t\t<div class=\"elementor-flip-box__layer__description\">\n\t\t\t\t\t\t\tProjekti mbledh dhe dokumenton praktikat m\u00eb t\u00eb mira nga destinacionet turistike evropiane q\u00eb kan\u00eb zbatuar me sukses parimet e ekonomis\u00eb rrethore. K\u00ebta shembuj p\u00ebrfshijn\u00eb strategji p\u00ebr reduktimin e mbetjeve, efikasitetin e energjis\u00eb, burimet e q\u00ebndrueshme dhe bashk\u00ebpunimin me pal\u00ebt e interesuara. P\u00ebrmbledhja sh\u00ebrben si nj\u00eb referenc\u00eb praktike p\u00ebr edukator\u00ebt e AFP-s\u00eb dhe SME-t\u00eb, duke demonstruar aplikime n\u00eb bot\u00ebn reale t\u00eb q\u00ebndrueshm\u00ebris\u00eb. Praktikat m\u00eb t\u00eb mira jan\u00eb p\u00ebrshtatur me kontekstin shqiptar p\u00ebr t\u00eb siguruar r\u00ebnd\u00ebsin\u00eb dhe fizibilitetin.\t\t\t\t\t\t<\/div>\n\t\t\t\t\t\n\t\t\t\t\t\t\t\t\t\t\t<a class=\"elementor-flip-box__button elementor-button elementor-size-sm\" href=\"https:\/\/circulartourismalbania.eu\/sq\/rezultatet-e-projektit\/kuadri-dhe-metodologjia\/compilation-of-good-practices\">\n\t\t\t\t\t\t\tP\u00ebr t\u00eb shkarkuar P\u00ebrmbledhjen e Praktikave t\u00eb Mira, klikoni k\u00ebtu.\t\t\t\t\t\t<\/a>\n\t\t\t\t\t\t\t\t<\/div>\n\t\t<\/div>\n\t\t<\/div>\n\t\t<\/div>\n\t\t\t\t\t\t<\/div>\n\t\t\t\t<\/div>\n\t\t\t\t<div class=\"elementor-element elementor-element-1b378da elementor-flip-box--effect-push elementor-flip-box--direction-up elementor-widget elementor-widget-flip-box\" data-id=\"1b378da\" data-element_type=\"widget\" data-e-type=\"widget\" data-widget_type=\"flip-box.default\">\n\t\t\t\t<div class=\"elementor-widget-container\">\n\t\t\t\t\t\t\t<div class=\"elementor-flip-box\" tabindex=\"0\">\n\t\t\t<div class=\"elementor-flip-box__layer elementor-flip-box__front\">\n\t\t\t\t<div class=\"elementor-flip-box__layer__overlay\">\n\t\t\t\t\t<div class=\"elementor-flip-box__layer__inner\">\n\t\t\t\t\t\t\n\t\t\t\t\t\t\t\t\t\t\t\t\t<h3 class=\"elementor-flip-box__layer__title\">\n\t\t\t\t\t\t\t\tKuadri p\u00ebr Ngritjen e Kapaciteteve\t\t\t\t\t\t\t<\/h3>\n\t\t\t\t\t\t\n\t\t\t\t\t\t\t\t\t\t\t<\/div>\n\t\t\t\t<\/div>\n\t\t\t<\/div>\n\t\t\t<div class=\"elementor-flip-box__layer elementor-flip-box__back\">\n\t\t\t<div class=\"elementor-flip-box__layer__overlay\">\n\t\t\t\t<div class=\"elementor-flip-box__layer__inner\">\n\t\t\t\t\t\n\t\t\t\t\t\t\t\t\t\t\t<div class=\"elementor-flip-box__layer__description\">\n\t\t\t\t\t\t\tKorniza e Ngritjes s\u00eb Kapaciteteve ofron nj\u00eb qasje t\u00eb strukturuar p\u00ebr trajnimin e edukator\u00ebve t\u00eb AFP-s\u00eb dhe NVM-ve mbi parimet e ekonomis\u00eb rrethore. Ai p\u00ebrfshin objektivat e m\u00ebsimit, modulet tematike, ushtrimet praktike dhe mjetet e vler\u00ebsimit. Kuadri bazohet n\u00eb kornizat e q\u00ebndrueshm\u00ebris\u00eb s\u00eb BE-s\u00eb (GreenComp, EntreComp) dhe \u00ebsht\u00eb p\u00ebrshtatur p\u00ebr ekosistemin turistik t\u00eb Shqip\u00ebris\u00eb. Ai siguron q\u00eb trajnimi t\u00eb jet\u00eb praktik, i shkall\u00ebzuar dhe n\u00eb p\u00ebrputhje me nevojat e industris\u00eb, duke nxitur adoptimin afatgjat\u00eb t\u00eb praktikave t\u00eb turizmit t\u00eb q\u00ebndruesh\u00ebm.\t\t\t\t\t\t<\/div>\n\t\t\t\t\t\n\t\t\t\t\t\t\t\t\t\t\t<a class=\"elementor-flip-box__button elementor-button elementor-size-sm\">\n\t\t\t\t\t\t\tP\u00ebr t\u00eb shkarkuar Korniz\u00ebn p\u00ebr Nd\u00ebrtimin e Kapaciteteve n\u00eb format PDF, klikoni k\u00ebtu.\t\t\t\t\t\t<\/a>\n\t\t\t\t\t\t\t\t<\/div>\n\t\t<\/div>\n\t\t<\/div>\n\t\t<\/div>\n\t\t\t\t\t\t<\/div>\n\t\t\t\t<\/div>\n\t\t\t\t<\/div>\n\t\t\t\t\t<\/div>\n\t\t\t\t<\/div>\n\t\t\t\t<\/div>\n\t\t\t\t<\/div>\n\t\t\t\t<\/div>\n\t\t","protected":false},"excerpt":{"rendered":"<p>Kuadri dhe Metodologjia P\u00ebr t\u00eb nxitur tranzicionin drejt nj\u00eb industrie turistike m\u00eb t\u00eb q\u00ebndrueshme, projekti krijon nj\u00eb korniz\u00eb dhe metodologji t\u00eb strukturuar t\u00eb krijuar p\u00ebr t\u00eb pajisur edukator\u00ebt e AFP-s\u00eb dhe SME-t\u00eb e turizmit me aft\u00ebsit\u00eb dhe njohurit\u00eb e nevojshme. Kjo qasje \u00ebsht\u00eb nd\u00ebrtuar mbi tre shtylla kryesore: k\u00ebrkimi, integrimi i praktikave m\u00eb t\u00eb mira dhe zgjidhjet e p\u00ebrshtatura t\u00eb trajnimit. Hapi i par\u00eb p\u00ebrfshin analizimin e sfidave dhe mund\u00ebsive kryesore n\u00eb sektorin e turizmit n\u00eb Shqip\u00ebri, identifikimin e boshll\u00ebqeve n\u00eb praktikat e q\u00ebndrueshm\u00ebris\u00eb dhe vler\u00ebsimin e potencialit p\u00ebr integrimin e ekonomis\u00eb rrethore. Duke u frym\u00ebzuar nga modelet e suksesshme evropiane, projekti kuron nj\u00eb grup mjetesh praktike dhe burimesh trajnimi q\u00eb mund t\u00eb p\u00ebrshtaten me nevojat lokale. Nj\u00eb theks i madh i \u00ebsht\u00eb v\u00ebn\u00eb bashk\u00ebpunimit t\u00eb pal\u00ebve t\u00eb interesuara, duke siguruar q\u00eb programi i trajnimit t\u00eb jet\u00eb i r\u00ebnd\u00ebsish\u00ebm dhe me ndikim. Duke p\u00ebrdorur kornizat e BE-s\u00eb si Green Comp dhe EQAVET, projekti garanton arsim me cil\u00ebsi t\u00eb lart\u00eb q\u00eb p\u00ebrputhet me standardet nd\u00ebrkomb\u00ebtare t\u00eb q\u00ebndrueshm\u00ebris\u00eb. Kjo qasje dinamike dhe e adaptueshme i fuqizon bizneset dhe edukator\u00ebt t\u00eb zbatojn\u00eb ndryshime reale, duke nxitur nj\u00eb ekosistem turistik m\u00eb t\u00eb gjelb\u00ebr dhe m\u00eb elastik n\u00eb Shqip\u00ebri. Harta e sfidave kryesore t\u00eb ekonomis\u00eb rrethore (perspektiva e AFP-s\u00eb dhe SME-ve) Ky aktivitet identifikon boshll\u00ebqet kritike n\u00eb sektorin e turizmit t\u00eb Shqip\u00ebris\u00eb q\u00eb lidhen me q\u00ebndrueshm\u00ebrin\u00eb, efikasitetin e burimeve dhe adoptimin e ekonomis\u00eb rrethore. Nj\u00eb analiz\u00eb e detajuar e barrierave mjedisore, ekonomike dhe rregullatore kryhet p\u00ebrmes hulumtimit, intervistave me pal\u00ebt e interesuara dhe studimeve t\u00eb rasteve. Gjetjet drejtojn\u00eb zhvillimin e moduleve t\u00eb trajnimit dhe sigurojn\u00eb q\u00eb aktivitetet e projektit adresojn\u00eb drejtp\u00ebrdrejt nevojat lokale. Harta p\u00ebrafron gjithashtu strategjit\u00eb e turizmit t\u00eb Shqip\u00ebris\u00eb me standardet e q\u00ebndrueshm\u00ebris\u00eb s\u00eb BE-s\u00eb. P\u00ebr t\u00eb shkarkuar Hart\u00ebn e sfidave kryesore t\u00eb ekonomis\u00eb rrethore, klikoni k\u00ebtu. P\u00ebrpilimi i praktikave t\u00eb mira Projekti mbledh dhe dokumenton praktikat m\u00eb t\u00eb mira nga destinacionet turistike evropiane q\u00eb kan\u00eb zbatuar me sukses parimet e ekonomis\u00eb rrethore. K\u00ebta shembuj p\u00ebrfshijn\u00eb strategji p\u00ebr reduktimin e mbetjeve, efikasitetin e energjis\u00eb, burimet e q\u00ebndrueshme dhe bashk\u00ebpunimin me pal\u00ebt e interesuara. P\u00ebrmbledhja sh\u00ebrben si nj\u00eb referenc\u00eb praktike p\u00ebr edukator\u00ebt e AFP-s\u00eb dhe SME-t\u00eb, duke demonstruar aplikime n\u00eb bot\u00ebn reale t\u00eb q\u00ebndrueshm\u00ebris\u00eb. Praktikat m\u00eb t\u00eb mira jan\u00eb p\u00ebrshtatur me kontekstin shqiptar p\u00ebr t\u00eb siguruar r\u00ebnd\u00ebsin\u00eb dhe fizibilitetin. P\u00ebr t\u00eb shkarkuar P\u00ebrmbledhjen e Praktikave t\u00eb Mira, klikoni k\u00ebtu. Kuadri p\u00ebr Ngritjen e Kapaciteteve Korniza e Ngritjes s\u00eb Kapaciteteve ofron nj\u00eb qasje t\u00eb strukturuar p\u00ebr trajnimin e edukator\u00ebve t\u00eb AFP-s\u00eb dhe NVM-ve mbi parimet e ekonomis\u00eb rrethore. Ai p\u00ebrfshin objektivat e m\u00ebsimit, modulet tematike, ushtrimet praktike dhe mjetet e vler\u00ebsimit. Kuadri bazohet n\u00eb kornizat e q\u00ebndrueshm\u00ebris\u00eb s\u00eb BE-s\u00eb (GreenComp, EntreComp) dhe \u00ebsht\u00eb p\u00ebrshtatur p\u00ebr ekosistemin turistik t\u00eb Shqip\u00ebris\u00eb. Ai siguron q\u00eb trajnimi t\u00eb jet\u00eb praktik, i shkall\u00ebzuar dhe n\u00eb p\u00ebrputhje me nevojat e industris\u00eb, duke nxitur adoptimin afatgjat\u00eb t\u00eb praktikave t\u00eb turizmit t\u00eb q\u00ebndruesh\u00ebm. P\u00ebr t\u00eb shkarkuar Korniz\u00ebn p\u00ebr Nd\u00ebrtimin e Kapaciteteve n\u00eb format PDF, klikoni k\u00ebtu.<\/p>\n","protected":false},"author":1,"featured_media":0,"parent":1188,"menu_order":0,"comment_status":"closed","ping_status":"closed","template":"","meta":{"_monsterinsights_skip_tracking":false,"_monsterinsights_sitenote_active":false,"_monsterinsights_sitenote_note":"","_monsterinsights_sitenote_category":0,"site-sidebar-layout":"no-sidebar","site-content-layout":"","ast-site-content-layout":"full-width-container","site-content-style":"default","site-sidebar-style":"default","ast-global-header-display":"","ast-banner-title-visibility":"","ast-main-header-display":"","ast-hfb-above-header-display":"","ast-hfb-below-header-display":"","ast-hfb-mobile-header-display":"","site-post-title":"disabled","ast-breadcrumbs-content":"","ast-featured-img":"disabled","footer-sml-layout":"","ast-disable-related-posts":"","theme-transparent-header-meta":"default","adv-header-id-meta":"","stick-header-meta":"","header-above-stick-meta":"","header-main-stick-meta":"","header-below-stick-meta":"","astra-migrate-meta-layouts":"default","ast-page-background-enabled":"default","ast-page-background-meta":{"desktop":{"background-color":"var(--ast-global-color-5)","background-image":"","background-repeat":"repeat","background-position":"center center","background-size":"auto","background-attachment":"scroll","background-type":"","background-media":"","overlay-type":"","overlay-color":"","overlay-opacity":"","overlay-gradient":""},"tablet":{"background-color":"","background-image":"","background-repeat":"repeat","background-position":"center center","background-size":"auto","background-attachment":"scroll","background-type":"","background-media":"","overlay-type":"","overlay-color":"","overlay-opacity":"","overlay-gradient":""},"mobile":{"background-color":"","background-image":"","background-repeat":"repeat","background-position":"center center","background-size":"auto","background-attachment":"scroll","background-type":"","background-media":"","overlay-type":"","overlay-color":"","overlay-opacity":"","overlay-gradient":""}},"ast-content-background-meta":{"desktop":{"background-color":"var(--ast-global-color-4)","background-image":"","background-repeat":"repeat","background-position":"center center","background-size":"auto","background-attachment":"scroll","background-type":"","background-media":"","overlay-type":"","overlay-color":"","overlay-opacity":"","overlay-gradient":""},"tablet":{"background-color":"var(--ast-global-color-4)","background-image":"","background-repeat":"repeat","background-position":"center center","background-size":"auto","background-attachment":"scroll","background-type":"","background-media":"","overlay-type":"","overlay-color":"","overlay-opacity":"","overlay-gradient":""},"mobile":{"background-color":"var(--ast-global-color-4)","background-image":"","background-repeat":"repeat","background-position":"center center","background-size":"auto","background-attachment":"scroll","background-type":"","background-media":"","overlay-type":"","overlay-color":"","overlay-opacity":"","overlay-gradient":""}},"footnotes":""},"class_list":["post-1203","page","type-page","status-publish","hentry"],"_links":{"self":[{"href":"https:\/\/circulartourismalbania.eu\/sq\/wp-json\/wp\/v2\/pages\/1203","targetHints":{"allow":["GET"]}}],"collection":[{"href":"https:\/\/circulartourismalbania.eu\/sq\/wp-json\/wp\/v2\/pages"}],"about":[{"href":"https:\/\/circulartourismalbania.eu\/sq\/wp-json\/wp\/v2\/types\/page"}],"author":[{"embeddable":true,"href":"https:\/\/circulartourismalbania.eu\/sq\/wp-json\/wp\/v2\/users\/1"}],"replies":[{"embeddable":true,"href":"https:\/\/circulartourismalbania.eu\/sq\/wp-json\/wp\/v2\/comments?post=1203"}],"version-history":[{"count":24,"href":"https:\/\/circulartourismalbania.eu\/sq\/wp-json\/wp\/v2\/pages\/1203\/revisions"}],"predecessor-version":[{"id":3051,"href":"https:\/\/circulartourismalbania.eu\/sq\/wp-json\/wp\/v2\/pages\/1203\/revisions\/3051"}],"up":[{"embeddable":true,"href":"https:\/\/circulartourismalbania.eu\/sq\/wp-json\/wp\/v2\/pages\/1188"}],"wp:attachment":[{"href":"https:\/\/circulartourismalbania.eu\/sq\/wp-json\/wp\/v2\/media?parent=1203"}],"curies":[{"name":"wp","href":"https:\/\/api.w.org\/{rel}","templated":true}]}}